{"id":7390,"date":"2021-09-15T15:40:08","date_gmt":"2021-09-15T15:40:08","guid":{"rendered":"https:\/\/pustultax.pl\/en\/?page_id=7390"},"modified":"2021-09-15T15:40:08","modified_gmt":"2021-09-15T15:40:08","slug":"team","status":"publish","type":"page","link":"https:\/\/pustultax.pl\/en\/team\/","title":{"rendered":"Team"},"content":{"rendered":"<p>J. Pustu\u0142 i Wsp\u00f3\u0142pracownicy Doradztwo podatkowo-prawne (J. Pustu\u0142 &amp; Associates Tax &amp; Legal Services) was established by <strong>Jowita Pustu\u0142, LLD<\/strong>, tax adviser, solicitor, assistant professor in the Financial Law Unit at the Jagiellonian University (JU) and a member of a scientific unit affiliated with the Centre of Fiscal Studies at the Nicolaus Copernicus University. Besides, in 2015-2018 Jowita Pustu\u0142 was an aide to the UJ Chancellor\u2019s Representative in Charge of Legal Issues (she was responsible for supporting the Jagiellonian University in the tax area), in 2014-2016 she was a member of the Tax Law Advisory Board appointed by the Minister of Finance. Since 2014 she has acted as a reviewer of articles published in Przegl\u0105d Podatkowy (The Tax Review) monthly.<\/p>\n<p>Jowita Pustu\u0142, LLD, has run individual tax consulting business since 2005. Before establishing her own tax practice she had worked for one of the \u201cBig Four\u201d consulting companies. Her tax services cover all taxes with special regard to comprehensive tax support to businesses subject to restructuring (her doctoral thesis was focused on tax aspects of companies\u2019 transformations, mergers and demergers). Within the area of taxes Jowita Pustu\u0142 published numerous articles (including commentaries to court rulings) and co-authored several books.<\/p>\n","protected":false},"excerpt":{"rendered":"<p>J. Pustu\u0142 i Wsp\u00f3\u0142pracownicy Doradztwo podatkowo-prawne (J. Pustu\u0142 &amp; Associates Tax &amp; Legal Services) was established by Jowita Pustu\u0142, LLD, tax adviser,&#8230;<\/p>\n","protected":false},"author":1,"featured_media":6944,"parent":0,"menu_order":0,"comment_status":"closed","ping_status":"closed","template":"team_page.php","meta":[],"_links":{"self":[{"href":"https:\/\/pustultax.pl\/en\/wp-json\/wp\/v2\/pages\/7390"}],"collection":[{"href":"https:\/\/pustultax.pl\/en\/wp-json\/wp\/v2\/pages"}],"about":[{"href":"https:\/\/pustultax.pl\/en\/wp-json\/wp\/v2\/types\/page"}],"author":[{"embeddable":true,"href":"https:\/\/pustultax.pl\/en\/wp-json\/wp\/v2\/users\/1"}],"replies":[{"embeddable":true,"href":"https:\/\/pustultax.pl\/en\/wp-json\/wp\/v2\/comments?post=7390"}],"version-history":[{"count":1,"href":"https:\/\/pustultax.pl\/en\/wp-json\/wp\/v2\/pages\/7390\/revisions"}],"predecessor-version":[{"id":7391,"href":"https:\/\/pustultax.pl\/en\/wp-json\/wp\/v2\/pages\/7390\/revisions\/7391"}],"wp:featuredmedia":[{"embeddable":true,"href":"https:\/\/pustultax.pl\/en\/wp-json\/wp\/v2\/media\/6944"}],"wp:attachment":[{"href":"https:\/\/pustultax.pl\/en\/wp-json\/wp\/v2\/media?parent=7390"}],"curies":[{"name":"wp","href":"https:\/\/api.w.org\/{rel}","templated":true}]}}