{"id":7303,"date":"2021-07-26T22:14:54","date_gmt":"2021-07-26T22:14:54","guid":{"rendered":"https:\/\/pustultax.pl\/en\/publikacje\/kopij-mnie-8\/"},"modified":"2021-07-26T22:18:12","modified_gmt":"2021-07-26T22:18:12","slug":"publikacje-2004","status":"publish","type":"page","link":"https:\/\/pustultax.pl\/en\/publikacje\/publikacje-2004\/","title":{"rendered":"Publikacje 2004"},"content":{"rendered":"<p>[vc_row][vc_column]\r\n        <div class=\"rs-heading    \">\r\n        \t<div class=\"title-inner\">\r\n        \t     \r\n\t            \r\n\t            <h2 class=\"title \" >Publikacje z roku 2004<\/h2>\r\n\t           \r\n\t        <\/div><\/div>[\/vc_column][\/vc_row][vc_row][vc_column el_id=&#8221;hu-publikacje&#8221;][vc_column_text]<\/p>\n<ul>\n<li>J. Pustu\u0142: G\u0142owi si\u0119 minister, g\u0142owi\u0105 si\u0119 izby \u2013 Premie pieni\u0119\u017cne (bonusy) &#8211; konsekwencje w VAT \u2013 Rzeczpospolita z dn. 12.02.2004 r.<\/li>\n<li>J. Pustu\u0142: Korekta u sprzedawcy, czy podatek u nabywcy? &#8211; Premie pieni\u0119\u017cne od obrotu &#8211; Rzeczpospolita z dn. 30.12.2004 r.<\/li>\n<li>J. Pustu\u0142: Zaliczenie nie\u015bci\u0105galnej wierzytelno\u015bci do koszt\u00f3w uzyskania przychod\u00f3w, Wiem Jak Nr 1\/2004<\/li>\n<li>J.Pustu\u0142: Zako\u0144czenie roku podatkowego przy przekszta\u0142ceniu i po\u0142\u0105czeniu sp\u00f3\u0142ek kapita\u0142owych oraz przy podziale sp\u00f3\u0142ki, Przegl\u0105d Podatkowy 3\/2004<\/li>\n<li>J. Pustu\u0142: Podatniku, m\u0119cz si\u0119 sam &#8211; Rzeczpospolita z dn. 12.02.2004 r.<\/li>\n<\/ul>\n<p>[\/vc_column_text][\/vc_column][\/vc_row]<\/p>\n","protected":false},"excerpt":{"rendered":"<p>[vc_row][vc_column][\/vc_column][\/vc_row][vc_row][vc_column el_id=&#8221;hu-publikacje&#8221;][vc_column_text] J. Pustu\u0142: G\u0142owi si\u0119 minister, g\u0142owi\u0105 si\u0119 izby \u2013 Premie pieni\u0119\u017cne (bonusy) &#8211; konsekwencje w VAT \u2013 Rzeczpospolita z dn&#8230;.<\/p>\n","protected":false},"author":1,"featured_media":0,"parent":6747,"menu_order":0,"comment_status":"closed","ping_status":"closed","template":"","meta":[],"_links":{"self":[{"href":"https:\/\/pustultax.pl\/en\/wp-json\/wp\/v2\/pages\/7303"}],"collection":[{"href":"https:\/\/pustultax.pl\/en\/wp-json\/wp\/v2\/pages"}],"about":[{"href":"https:\/\/pustultax.pl\/en\/wp-json\/wp\/v2\/types\/page"}],"author":[{"embeddable":true,"href":"https:\/\/pustultax.pl\/en\/wp-json\/wp\/v2\/users\/1"}],"replies":[{"embeddable":true,"href":"https:\/\/pustultax.pl\/en\/wp-json\/wp\/v2\/comments?post=7303"}],"version-history":[{"count":1,"href":"https:\/\/pustultax.pl\/en\/wp-json\/wp\/v2\/pages\/7303\/revisions"}],"predecessor-version":[{"id":7308,"href":"https:\/\/pustultax.pl\/en\/wp-json\/wp\/v2\/pages\/7303\/revisions\/7308"}],"up":[{"embeddable":true,"href":"https:\/\/pustultax.pl\/en\/wp-json\/wp\/v2\/pages\/6747"}],"wp:attachment":[{"href":"https:\/\/pustultax.pl\/en\/wp-json\/wp\/v2\/media?parent=7303"}],"curies":[{"name":"wp","href":"https:\/\/api.w.org\/{rel}","templated":true}]}}