{"id":7302,"date":"2021-07-26T22:14:52","date_gmt":"2021-07-26T22:14:52","guid":{"rendered":"https:\/\/pustultax.pl\/en\/publikacje\/kopij-mnie-7\/"},"modified":"2021-07-26T22:17:47","modified_gmt":"2021-07-26T22:17:47","slug":"publikacje-2005","status":"publish","type":"page","link":"https:\/\/pustultax.pl\/en\/publikacje\/publikacje-2005\/","title":{"rendered":"Publikacje 2005"},"content":{"rendered":"<p>[vc_row][vc_column]\r\n        <div class=\"rs-heading    \">\r\n        \t<div class=\"title-inner\">\r\n        \t     \r\n\t            \r\n\t            <h2 class=\"title \" >Publikacje z roku 2005<\/h2>\r\n\t           \r\n\t        <\/div><\/div>[\/vc_column][\/vc_row][vc_row][vc_column el_id=&#8221;hu-publikacje&#8221;][vc_column_text]<\/p>\n<ul>\n<li>J. Pustu\u0142, M. Przywara: Ile urz\u0119d\u00f3w, tyle interpretacji &#8211; Kiedy nieodp\u0142atne przekazanie i zu\u017cycie towar\u00f3w podlega VAT? &#8211; Rzeczpospolita z dn. 6.01.2005 r.<\/li>\n<li>J. Pustu\u0142, M. Przywara: Wsp\u00f3lnik wspomaga sp\u00f3\u0142k\u0119 &#8211; Kiedy odsetki od po\u017cyczek mog\u0105 by\u0107 kosztem podatkowym? &#8211; Rzeczpospolita z dn. 13.01.2005 r.<\/li>\n<li>J. Pustu\u0142, M. Przywara: Darmowa po\u017cyczka to nieodp\u0142atna korzy\u015b\u0107 &#8211; Umorzenie naliczonych odsetek &#8211; Rzeczpospolita z dn. 20.01.2005 r.<\/li>\n<li>J. Pustu\u0142, M. Przywara: Mo\u017cna zbiorczo &#8211; Korekta obrotu z tytu\u0142u udzielenia premii pieni\u0119\u017cnej &#8211; Rzeczpospolita z dn. 03.02.2005 r.<\/li>\n<li>J. Pustu\u0142, M. Przywara: Jaki podatek od dywidendy &#8211; Opodatkowanie udzia\u0142\u00f3w w zyskach &#8211; Rzeczpospolita z dn. 03.02.2005 r.<\/li>\n<li>J. Pustu\u0142, M. Przywara: Od odsetek zap\u0142acimy u \u017ar\u00f3d\u0142a &#8211; Nowa polsko-niemiecka umowa o unikaniu podw\u00f3jnego opodatkowania &#8211; Rzeczpospolita z dn. 10.02.2005 r.<\/li>\n<li>J. Pustu\u0142, M. Przywara: Wi\u0119cej od dywidendy, mniej od odsetek- Nowa polsko-belgijska umowa o unikaniu podw\u00f3jnego opodatkowania &#8211; Rzeczpospolita z dn. 17.02.2005 r.<\/li>\n<li>J. Pustu\u0142, M. Przywara: Podatek odroczony w czasie &#8211; Akcje za aport w postaci akcji &#8211; Rzeczpospolita z dn. 17.02.2005 r.<\/li>\n<li>J. Pustu\u0142, M. Przywara: Strata mo\u017ce by\u0107 kosztem- Likwidacja \u015brodk\u00f3w trwa\u0142ych &#8211; Rzeczpospolita z dn. 10.03.2005 r.<\/li>\n<li>J. Pustu\u0142, M. Przywara: Jak si\u0119 korzystnie po\u0142\u0105czy\u0107 &#8211; Rzeczpospolita z dn. 17.03.2005 r.<\/li>\n<li>J. Pustu\u0142, M. Przywara: Wa\u017cny cel po\u0142\u0105czenia &#8211; korzy\u015bci ekonomiczne, czy tylko podatkowe &#8211; Rzeczpospolita z dn. 17.03.2005 r.<\/li>\n<li>J. Pustu\u0142, M. Przywara: Jak si\u0119 przekszta\u0142ci\u0107, by nie zap\u0142aci\u0107 podatku &#8211; Jak si\u0119 korzystnie po\u0142\u0105czy\u0107, jak si\u0119 korzystnie podzieli\u0107 &#8211; Rzeczpospolita z dn. 17.03.2005 r.<\/li>\n<li>J. Pustu\u0142, M. Przywara: Rabaty i zwroty zmniejszaj\u0105 obr\u00f3t &#8211; Korekta przy wewn\u0105trzwsp\u00f3lnotowym nabyciu &#8211; Rzeczpospolita z dn. 17.03.2005 r.<\/li>\n<li>J. Pustu\u0142, M. Przywara: Odbi\u00f3r korekty bez potwierdzenia &#8211; Rabaty i zwroty przy WDT &#8211; Rzeczpospolita z dn. 17.03.2005 r.<\/li>\n<li>J. Pustu\u0142, M. Przywara: Najpierw przemieszczone, potem sprzedane &#8211; Najwi\u0119cej w\u0105tpliwo\u015bci dotyczy prawa do stawki 0 proc &#8211; Rzeczpospolita z dn. 24.03.2005 r.<\/li>\n<li>J. Pustu\u0142, M. Przywara: Jaki podatek przy po\u0142\u0105czeniu &#8211; Przekszta\u0142cenia sp\u00f3\u0142ek &#8211; Rzeczpospolita z dn. 24.03.2005 r.<\/li>\n<li>J. Pustu\u0142, M. Przywara: Na pewno wydatek, lecz nie zawsze koszt &#8211; Kara za niedotrzymanie warunk\u00f3w umowy &#8211; Rzeczpospolita z dn. 14.04.2005 r.<\/li>\n<li>J. Pustu\u0142, M. Przywara: Kupowa\u0107 ju\u017c czy jeszcze si\u0119 wstrzyma\u0107? &#8211; Nowe ograniczenia w odliczaniu VAT od samochod\u00f3w &#8211; Rzeczpospolita z dn. 05.05.2005 r.<\/li>\n<li>J. Pustu\u0142, M. Przywara: Ulga na z\u0142e d\u0142ugi &#8211; Rzeczpospolita z dn. 12.05.2005 r.<\/li>\n<li>J. Pustu\u0142, M. Przywara: Lepsza po\u017cyczka czy dop\u0142ata &#8211; Rzeczpospolita z dn. 02.06.2005 r.<\/li>\n<li>J. Pustu\u0142, M. Przywara: Nie ma nowych udzia\u0142\u00f3w, nie ma podatku &#8211; Wniesienie aportu na podwy\u017cszenie kapita\u0142u zak\u0142adowego &#8211; Rzeczpospolita z dn. 09.06.2005 r.<\/li>\n<li>J. Pustu\u0142: Tanio kupi\u0142e\u015b, mo\u017cesz mie\u0107 przych\u00f3d &#8211; Cena sprzeda\u017cy udzia\u0142\u00f3w ni\u017csza od warto\u015bci nominalnej &#8211; Rzeczpospolita z dn. 30.06.2005 r.<\/li>\n<li>J. Pustu\u0142, M. Przywara: Dywidenda do Szwajcarii- Sp\u00f3\u0142ki szwajcarskie na r\u00f3wni z unijnymi &#8211; Rzeczpospolita z dn. 01.09.2005 r.<\/li>\n<li>J. Pustu\u0142, M. Przywara: Inwestycja w drog\u0119 publiczn\u0105 &#8211; Je\u015bli koszt, to w jakiej formie? &#8211; Rzeczpospolita z dn. 22.09.2005 r.<\/li>\n<li>J. Pustu\u0142, M. Przywara: Niebezpieczne powi\u0105zania &#8211; Rzeczpospolita z dn. 10.11.2005 r.<\/li>\n<li>J. Pustu\u0142, M. Przywara: Metoda na cen\u0119 &#8211; Rzeczpospolita z dn. 17.11.2005 r.<\/li>\n<li>J. Pustu\u0142, M. Przywara: Nie udokumentujesz \u2013 ryzykujesz &#8211; Rzeczpospolita z dn. 24.11.2005 r.<\/li>\n<li>J. Pustu\u0142, M. Przywara: W dokumentacji zadbaj o szczeg\u00f3\u0142y &#8211; Rzeczpospolita z dn. 01.12.2005 r.<\/li>\n<li>J. Pustu\u0142, M. Przywara: Jak si\u0119 broni\u0107 przed oszacowaniem? &#8211; Rzeczpospolita z dn. 08.12.2005 r.<\/li>\n<li>J. Pustu\u0142, M. Przywara: Jak liczy\u0107 limit warto\u015bci transakcji &#8211; Rzeczpospolita z dn. 15.12.2005 r.<\/li>\n<li>J. Pustu\u0142, M. Przywara: Metod\u0119 kalkulacji uzgodnij z ministrem &#8211; Rzeczpospolita z dn. 15.12.2005 r.<\/li>\n<li>Ewa Matyszewska w rozmowie z Jowit\u0105 Pustu\u0142: Ekspert wyja\u015bnia Czy trzeba p\u0142aci\u0107 VAT od likwidacji, Gazeta Prawna z dn. 7.11.2005r.<\/li>\n<li>Ewa Matyszewska w rozmowie z Jowit\u0105 Pustu\u0142: Czy w przypadku fuzji sp\u00f3\u0142ka przejmuj\u0105ca b\u0119dzie opodatkowana, Gazeta Prawna z dn. 31.10.2005-01.11.2005 r.<\/li>\n<li>Ewa Matyszewska w rozmowie z Jowit\u0105 Pustu\u0142: Ekspert wyja\u015bnia: Czy za zaleg\u0142o\u015bci zawsze odpowiada sp\u00f3\u0142ka przejmuj\u0105ca, Gazeta Prawna z dn. 3.10.2005 r.<\/li>\n<li>Ewa Matyszewska w rozmowie z Jowit\u0105 Pustu\u0142: Ekspert wyja\u015bnia: Czy sp\u00f3\u0142ka przejmuj\u0105ca korzysta z uprawnie\u0144 podatkowych sp\u00f3\u0142ki przejmowanej, Gazeta Prawna z dn. 27.09.2005 r.<\/li>\n<li>Ewa Matyszewska w rozmowie z Miko\u0142ajem Przywar\u0105 i Jowit\u0105 Pustu\u0142: Eksperci wyja\u015bniaj\u0105: Ulgi podatkowe w praktyce, Gazeta Prawna z dn. 22.08.2005 r.<\/li>\n<li>Ewa Matyszewska w rozmowie z Jowit\u0105 Pustu\u0142: Ekspert wyja\u015bnia: Nowe zasady korekty deklaracji, Gazeta Prawna z dn. 19.07.2005 r.<\/li>\n<li>Ewa Matyszewska w rozmowie z Jowit\u0105 Pustu\u0142: Ekspert wyja\u015bnia: Zmieni\u0105 si\u0119 zasady wstrzymania wykonalno\u015bci decyzji, Gazeta Prawna z dn. 22.06.2005 r.<\/li>\n<li>Ewa Matyszewska w rozmowie z Jowit\u0105 Pustu\u0142: Ekspert wyja\u015bnia: Wkr\u00f3tce kontakt z urz\u0119dem przez e-mail, Gazeta Prawna z dn. 20.06.2005 r.<\/li>\n<\/ul>\n<p>[\/vc_column_text][\/vc_column][\/vc_row]<\/p>\n","protected":false},"excerpt":{"rendered":"<p>[vc_row][vc_column][\/vc_column][\/vc_row][vc_row][vc_column el_id=&#8221;hu-publikacje&#8221;][vc_column_text] J. Pustu\u0142, M. Przywara: Ile urz\u0119d\u00f3w, tyle interpretacji &#8211; Kiedy nieodp\u0142atne przekazanie i zu\u017cycie towar\u00f3w podlega VAT? &#8211; Rzeczpospolita z&#8230;<\/p>\n","protected":false},"author":1,"featured_media":0,"parent":6747,"menu_order":0,"comment_status":"closed","ping_status":"closed","template":"","meta":[],"_links":{"self":[{"href":"https:\/\/pustultax.pl\/en\/wp-json\/wp\/v2\/pages\/7302"}],"collection":[{"href":"https:\/\/pustultax.pl\/en\/wp-json\/wp\/v2\/pages"}],"about":[{"href":"https:\/\/pustultax.pl\/en\/wp-json\/wp\/v2\/types\/page"}],"author":[{"embeddable":true,"href":"https:\/\/pustultax.pl\/en\/wp-json\/wp\/v2\/users\/1"}],"replies":[{"embeddable":true,"href":"https:\/\/pustultax.pl\/en\/wp-json\/wp\/v2\/comments?post=7302"}],"version-history":[{"count":1,"href":"https:\/\/pustultax.pl\/en\/wp-json\/wp\/v2\/pages\/7302\/revisions"}],"predecessor-version":[{"id":7307,"href":"https:\/\/pustultax.pl\/en\/wp-json\/wp\/v2\/pages\/7302\/revisions\/7307"}],"up":[{"embeddable":true,"href":"https:\/\/pustultax.pl\/en\/wp-json\/wp\/v2\/pages\/6747"}],"wp:attachment":[{"href":"https:\/\/pustultax.pl\/en\/wp-json\/wp\/v2\/media?parent=7302"}],"curies":[{"name":"wp","href":"https:\/\/api.w.org\/{rel}","templated":true}]}}