{"id":7301,"date":"2021-07-26T22:14:50","date_gmt":"2021-07-26T22:14:50","guid":{"rendered":"https:\/\/pustultax.pl\/en\/publikacje\/kopij-mnie-6\/"},"modified":"2021-07-26T22:17:11","modified_gmt":"2021-07-26T22:17:11","slug":"publikacje-2006","status":"publish","type":"page","link":"https:\/\/pustultax.pl\/en\/publikacje\/publikacje-2006\/","title":{"rendered":"Publikacje 2006"},"content":{"rendered":"<p>[vc_row][vc_column]\r\n        <div class=\"rs-heading    \">\r\n        \t<div class=\"title-inner\">\r\n        \t     \r\n\t            \r\n\t            <h2 class=\"title \" >Publikacje z roku 2006<\/h2>\r\n\t           \r\n\t        <\/div><\/div>[\/vc_column][\/vc_row][vc_row][vc_column el_id=&#8221;hu-publikacje&#8221;][vc_column_text]<\/p>\n<ul>\n<li>J. Pustu\u0142, M. Przywara: Nieobowi\u0105zkowy audyt mo\u017ce by\u0107 kosztem sp\u00f3\u0142ki &#8211; Rzeczpospolita z dn. 02.03.2006 r.<\/li>\n<li>J. Pustu\u0142, M. Przywara: Rozliczamy wydatki na analizy i audyt przejmowanej sp\u00f3\u0142ki &#8211; Rzeczpospolita z dn. 08.06.2006 r.<\/li>\n<li>J. Pustu\u0142, M. Przywara: Koszty po\u0142\u0105czenia podmiot\u00f3w gospodarczych \u2013 Rzeczpospolita z dnia 8.06.2006 r.<\/li>\n<li>Ewa Matyszewska w rozmowie z Jowit\u0105 Pustu\u0142: Kt\u00f3re wydatki reklamowe s\u0105 kosztem, Gazeta Prawna z dn. 20.02.2006 r.<\/li>\n<li>Ewa Matyszewska w rozmowie z Jowit\u0105 Pustu\u0142: Czy pracownik musi posiada\u0107 NIP, Gazeta Prawna z dn. 1.02.2006 r.<\/li>\n<\/ul>\n<p>[\/vc_column_text][\/vc_column][\/vc_row]<\/p>\n","protected":false},"excerpt":{"rendered":"<p>[vc_row][vc_column][\/vc_column][\/vc_row][vc_row][vc_column el_id=&#8221;hu-publikacje&#8221;][vc_column_text] J. Pustu\u0142, M. Przywara: Nieobowi\u0105zkowy audyt mo\u017ce by\u0107 kosztem sp\u00f3\u0142ki &#8211; Rzeczpospolita z dn. 02.03.2006 r. J. Pustu\u0142, M. Przywara:&#8230;<\/p>\n","protected":false},"author":1,"featured_media":0,"parent":6747,"menu_order":0,"comment_status":"closed","ping_status":"closed","template":"","meta":[],"_links":{"self":[{"href":"https:\/\/pustultax.pl\/en\/wp-json\/wp\/v2\/pages\/7301"}],"collection":[{"href":"https:\/\/pustultax.pl\/en\/wp-json\/wp\/v2\/pages"}],"about":[{"href":"https:\/\/pustultax.pl\/en\/wp-json\/wp\/v2\/types\/page"}],"author":[{"embeddable":true,"href":"https:\/\/pustultax.pl\/en\/wp-json\/wp\/v2\/users\/1"}],"replies":[{"embeddable":true,"href":"https:\/\/pustultax.pl\/en\/wp-json\/wp\/v2\/comments?post=7301"}],"version-history":[{"count":1,"href":"https:\/\/pustultax.pl\/en\/wp-json\/wp\/v2\/pages\/7301\/revisions"}],"predecessor-version":[{"id":7306,"href":"https:\/\/pustultax.pl\/en\/wp-json\/wp\/v2\/pages\/7301\/revisions\/7306"}],"up":[{"embeddable":true,"href":"https:\/\/pustultax.pl\/en\/wp-json\/wp\/v2\/pages\/6747"}],"wp:attachment":[{"href":"https:\/\/pustultax.pl\/en\/wp-json\/wp\/v2\/media?parent=7301"}],"curies":[{"name":"wp","href":"https:\/\/api.w.org\/{rel}","templated":true}]}}