{"id":7299,"date":"2021-07-26T22:14:43","date_gmt":"2021-07-26T22:14:43","guid":{"rendered":"https:\/\/pustultax.pl\/en\/publikacje\/kopij-mnie-4\/"},"modified":"2021-07-26T22:16:14","modified_gmt":"2021-07-26T22:16:14","slug":"publikacje-2008","status":"publish","type":"page","link":"https:\/\/pustultax.pl\/en\/publikacje\/publikacje-2008\/","title":{"rendered":"Publikacje 2008"},"content":{"rendered":"<p>[vc_row][vc_column]\r\n        <div class=\"rs-heading    \">\r\n        \t<div class=\"title-inner\">\r\n        \t     \r\n\t            \r\n\t            <h2 class=\"title \" >Publikacje z roku 2008<\/h2>\r\n\t           \r\n\t        <\/div><\/div>[\/vc_column][\/vc_row][vc_row][vc_column el_id=&#8221;hu-publikacje&#8221;][vc_column_text]<\/p>\n<ul>\n<li>J. Pustu\u0142: Glosa do wyroku WSA we Wroc\u0142awiu z dnia 30 listopada 2007 r., sygn. I SA\/Wr 939\/07 &#8211; uprawnienie do zwrotu VAT po wykre\u015bleniu podatnika z rejestru, Przegl\u0105d Orzecznictwa Podatkowego nr 4\/2008 (lipiec\/sierpie\u0144 2008)<\/li>\n<li>J. Pustu\u0142: Glosa do wyroku WSA w Olsztynie z dnia 4 pa\u017adziernika 2007r., I SA\/Ol 437\/07 &#8211; Wyp\u0142ata odszkodowania z tytu\u0142u odst\u0105pienia od umowy a koszty uzyskania przychod\u00f3w, Prawo i Podatki nr 6\/2008<\/li>\n<li>J. Pustu\u0142: Glosa do wyroku WSA z 6 czerwca 2007r., I SA\/Ol 194\/07 &#8211; Brak obowi\u0105zku zako\u0144czenia roku podatkowego przy inkorporacji sp\u00f3\u0142ek, Prawo i Podatki nr 2\/2008<\/li>\n<li>J. Pustu\u0142: Glosa do wyrok\u00f3w WSA w Gda\u0144sku z dn. 16.03.2007r., sygn. I SA\/Gd 2\/07 i z dn. 14.02.2008r., sygn. I SA 1007\/07. Wydatki zwi\u0105zane z po\u0142\u0105czeniem sp\u00f3\u0142ek a koszty uzyskania przychod\u00f3w, Monitor Podatkowy nr 12\/2008<\/li>\n<li>J. Pustu\u0142, P. D\u0142ugosz: Nie uzyskujesz korzy\u015bci, nie musisz odprowadza\u0107 VAT &#8211; Rzeczpospolita z dn. 28.02.2008 r.<\/li>\n<li>J. Pustu\u0142, P. D\u0142ugosz: Jak rozliczy\u0107 w firmie otrzymane i wyp\u0142acone kary umowne &#8211; Rzeczpospolita z dn. 28.02.2008 r.<\/li>\n<li>J. Pustu\u0142, P. D\u0142ugosz: O kosztach podatkowych decyduje rodzaj odszkodowania &#8211; Rzeczpospolita z dn. 28.02.2008 r.<\/li>\n<li>J. Pustu\u0142, P. D\u0142ugosz: Sama wp\u0142ata na rachunek powierniczy nie skutkuje obowi\u0105zkiem zap\u0142aty VAT &#8211; Rzeczpospolita z dn. 06.03.2008 r.<\/li>\n<li>J. Pustu\u0142, P. D\u0142ugosz: Jak rozliczy\u0107 wydatki na budow\u0119 infrastruktury towarzysz\u0105cej &#8211; Rzeczpospolita z dn. 14.04.2008 r.<\/li>\n<li>J. Pustu\u0142, M. Przywara: Gdy zagraniczna sp\u00f3\u0142ka jest podatnikiem, od po\u017cyczki nie ma PCC &#8211; Rzeczpospolita z dn. 14.04.2008 r.<\/li>\n<li>J. Pustu\u0142, M. Przywara: Podatek tam, gdzie odbywa si\u0119 impreza &#8211; Rzeczpospolita z dn. 24.04.2008 r.<\/li>\n<li>J. Pustu\u0142, M. Przywara: Jak rozlicza\u0107 VAT, gdy organizujemy targi i wystawy &#8211; Rzeczpospolita z dn. 24.04.2008 r.<\/li>\n<li>J. Pustu\u0142, M. Przywara: Gdy samoch\u00f3d bierzemy w leasing, nie jest potrzebna ewidencja jego przebiegu &#8211; Rzeczpospolita z dn. 29.05.2008 r.<\/li>\n<li>J. Pustu\u0142: Glosa do wyroku WSA w Warszawie z dnia 8 maja 2008 r., sygn. III SA\/Wa 2185\/07. Opodatkowanie pr\u00f3bek towaru, Przegl\u0105d Orzecznictwa Podatkowego nr 5\/2008 (wrzesie\u0144\/pa\u017adziernik 2008)<\/li>\n<li>J. Pustu\u0142: Przych\u00f3d z tytu\u0142u obj\u0119cia udzia\u0142\u00f3w (akcji) w zamian za aport &#8211; jak rozumie\u0107 przepisy dotycz\u0105ce odpowiedniego stosowania art. 14 ust. 1-3 PDP i odpowiednio art. 19 PDF?, Monitor Podatkowy nr 5\/2008<\/li>\n<\/ul>\n<p>[\/vc_column_text][\/vc_column][\/vc_row]<\/p>\n","protected":false},"excerpt":{"rendered":"<p>[vc_row][vc_column][\/vc_column][\/vc_row][vc_row][vc_column el_id=&#8221;hu-publikacje&#8221;][vc_column_text] J. Pustu\u0142: Glosa do wyroku WSA we Wroc\u0142awiu z dnia 30 listopada 2007 r., sygn. I SA\/Wr 939\/07 &#8211; uprawnienie&#8230;<\/p>\n","protected":false},"author":1,"featured_media":0,"parent":6747,"menu_order":0,"comment_status":"closed","ping_status":"closed","template":"","meta":[],"_links":{"self":[{"href":"https:\/\/pustultax.pl\/en\/wp-json\/wp\/v2\/pages\/7299"}],"collection":[{"href":"https:\/\/pustultax.pl\/en\/wp-json\/wp\/v2\/pages"}],"about":[{"href":"https:\/\/pustultax.pl\/en\/wp-json\/wp\/v2\/types\/page"}],"author":[{"embeddable":true,"href":"https:\/\/pustultax.pl\/en\/wp-json\/wp\/v2\/users\/1"}],"replies":[{"embeddable":true,"href":"https:\/\/pustultax.pl\/en\/wp-json\/wp\/v2\/comments?post=7299"}],"version-history":[{"count":1,"href":"https:\/\/pustultax.pl\/en\/wp-json\/wp\/v2\/pages\/7299\/revisions"}],"predecessor-version":[{"id":7304,"href":"https:\/\/pustultax.pl\/en\/wp-json\/wp\/v2\/pages\/7299\/revisions\/7304"}],"up":[{"embeddable":true,"href":"https:\/\/pustultax.pl\/en\/wp-json\/wp\/v2\/pages\/6747"}],"wp:attachment":[{"href":"https:\/\/pustultax.pl\/en\/wp-json\/wp\/v2\/media?parent=7299"}],"curies":[{"name":"wp","href":"https:\/\/api.w.org\/{rel}","templated":true}]}}