{"id":7298,"date":"2021-07-26T22:14:41","date_gmt":"2021-07-26T22:14:41","guid":{"rendered":"https:\/\/pustultax.pl\/en\/publikacje\/kopij-mnie-3\/"},"modified":"2021-07-26T22:16:43","modified_gmt":"2021-07-26T22:16:43","slug":"publikacje-2007","status":"publish","type":"page","link":"https:\/\/pustultax.pl\/en\/publikacje\/publikacje-2007\/","title":{"rendered":"Publikacje 2007"},"content":{"rendered":"<p>[vc_row][vc_column]\r\n        <div class=\"rs-heading    \">\r\n        \t<div class=\"title-inner\">\r\n        \t     \r\n\t            \r\n\t            <h2 class=\"title \" >Publikacje z roku 2007<\/h2>\r\n\t           \r\n\t        <\/div><\/div>[\/vc_column][\/vc_row][vc_row][vc_column el_id=&#8221;hu-publikacje&#8221;][vc_column_text]<\/p>\n<ul>\n<li>J. Pustu\u0142: Skutki podatkowe odp\u0142atnego umorzenia udzia\u0142\u00f3w (akcji) \u2013 opodatkowanie polskich sp\u00f3\u0142ek uzyskuj\u0105cych przych\u00f3d z tytu\u0142u umorzenia, Monitor Podatkowy nr 12\/2007<\/li>\n<\/ul>\n<p>[\/vc_column_text][\/vc_column][\/vc_row]<\/p>\n","protected":false},"excerpt":{"rendered":"<p>[vc_row][vc_column][\/vc_column][\/vc_row][vc_row][vc_column el_id=&#8221;hu-publikacje&#8221;][vc_column_text] J. Pustu\u0142: Skutki podatkowe odp\u0142atnego umorzenia udzia\u0142\u00f3w (akcji) \u2013 opodatkowanie polskich sp\u00f3\u0142ek uzyskuj\u0105cych przych\u00f3d z tytu\u0142u umorzenia, Monitor Podatkowy nr&#8230;<\/p>\n","protected":false},"author":1,"featured_media":0,"parent":6747,"menu_order":0,"comment_status":"closed","ping_status":"closed","template":"","meta":[],"_links":{"self":[{"href":"https:\/\/pustultax.pl\/en\/wp-json\/wp\/v2\/pages\/7298"}],"collection":[{"href":"https:\/\/pustultax.pl\/en\/wp-json\/wp\/v2\/pages"}],"about":[{"href":"https:\/\/pustultax.pl\/en\/wp-json\/wp\/v2\/types\/page"}],"author":[{"embeddable":true,"href":"https:\/\/pustultax.pl\/en\/wp-json\/wp\/v2\/users\/1"}],"replies":[{"embeddable":true,"href":"https:\/\/pustultax.pl\/en\/wp-json\/wp\/v2\/comments?post=7298"}],"version-history":[{"count":1,"href":"https:\/\/pustultax.pl\/en\/wp-json\/wp\/v2\/pages\/7298\/revisions"}],"predecessor-version":[{"id":7305,"href":"https:\/\/pustultax.pl\/en\/wp-json\/wp\/v2\/pages\/7298\/revisions\/7305"}],"up":[{"embeddable":true,"href":"https:\/\/pustultax.pl\/en\/wp-json\/wp\/v2\/pages\/6747"}],"wp:attachment":[{"href":"https:\/\/pustultax.pl\/en\/wp-json\/wp\/v2\/media?parent=7298"}],"curies":[{"name":"wp","href":"https:\/\/api.w.org\/{rel}","templated":true}]}}