{"id":7297,"date":"2021-07-26T22:14:38","date_gmt":"2021-07-26T22:14:38","guid":{"rendered":"https:\/\/pustultax.pl\/en\/publikacje\/kopij-mnie-2\/"},"modified":"2021-07-26T22:20:04","modified_gmt":"2021-07-26T22:20:04","slug":"publikacje-2002","status":"publish","type":"page","link":"https:\/\/pustultax.pl\/en\/publikacje\/publikacje-2002\/","title":{"rendered":"Publikacje 2002"},"content":{"rendered":"<p>[vc_row][vc_column]\r\n        <div class=\"rs-heading    \">\r\n        \t<div class=\"title-inner\">\r\n        \t     \r\n\t            \r\n\t            <h2 class=\"title \" >Publikacje z roku 2002<\/h2>\r\n\t           \r\n\t        <\/div><\/div>[\/vc_column][\/vc_row][vc_row][vc_column el_id=&#8221;hu-publikacje&#8221;][vc_column_text]<\/p>\n<ul>\n<li>J. Pustu\u0142: Przej\u0119cie praw i obowi\u0105zk\u00f3w podatkowych przy podziale sp\u00f3\u0142ki, Monitor Podatkowy Nr 11\/2002<\/li>\n<\/ul>\n<p>[\/vc_column_text][\/vc_column][\/vc_row]<\/p>\n","protected":false},"excerpt":{"rendered":"<p>[vc_row][vc_column][\/vc_column][\/vc_row][vc_row][vc_column el_id=&#8221;hu-publikacje&#8221;][vc_column_text] J. Pustu\u0142: Przej\u0119cie praw i obowi\u0105zk\u00f3w podatkowych przy podziale sp\u00f3\u0142ki, Monitor Podatkowy Nr 11\/2002 [\/vc_column_text][\/vc_column]&#8230;<\/p>\n","protected":false},"author":1,"featured_media":0,"parent":6747,"menu_order":0,"comment_status":"closed","ping_status":"closed","template":"","meta":[],"_links":{"self":[{"href":"https:\/\/pustultax.pl\/en\/wp-json\/wp\/v2\/pages\/7297"}],"collection":[{"href":"https:\/\/pustultax.pl\/en\/wp-json\/wp\/v2\/pages"}],"about":[{"href":"https:\/\/pustultax.pl\/en\/wp-json\/wp\/v2\/types\/page"}],"author":[{"embeddable":true,"href":"https:\/\/pustultax.pl\/en\/wp-json\/wp\/v2\/users\/1"}],"replies":[{"embeddable":true,"href":"https:\/\/pustultax.pl\/en\/wp-json\/wp\/v2\/comments?post=7297"}],"version-history":[{"count":1,"href":"https:\/\/pustultax.pl\/en\/wp-json\/wp\/v2\/pages\/7297\/revisions"}],"predecessor-version":[{"id":7310,"href":"https:\/\/pustultax.pl\/en\/wp-json\/wp\/v2\/pages\/7297\/revisions\/7310"}],"up":[{"embeddable":true,"href":"https:\/\/pustultax.pl\/en\/wp-json\/wp\/v2\/pages\/6747"}],"wp:attachment":[{"href":"https:\/\/pustultax.pl\/en\/wp-json\/wp\/v2\/media?parent=7297"}],"curies":[{"name":"wp","href":"https:\/\/api.w.org\/{rel}","templated":true}]}}