{"id":7294,"date":"2021-07-26T22:14:03","date_gmt":"2021-07-26T22:14:03","guid":{"rendered":"https:\/\/pustultax.pl\/en\/publikacje\/publikacje-2009-2\/"},"modified":"2021-07-26T22:19:14","modified_gmt":"2021-07-26T22:19:14","slug":"publikacje-2003","status":"publish","type":"page","link":"https:\/\/pustultax.pl\/en\/publikacje\/publikacje-2003\/","title":{"rendered":"Publikacje 2003"},"content":{"rendered":"<p>[vc_row][vc_column]\r\n        <div class=\"rs-heading    \">\r\n        \t<div class=\"title-inner\">\r\n        \t     \r\n\t            \r\n\t            <h2 class=\"title \" >Publikacje z roku 2003<\/h2>\r\n\t           \r\n\t        <\/div><\/div>[\/vc_column][\/vc_row][vc_row][vc_column el_id=&#8221;hu-publikacje&#8221;][vc_column_text]<\/p>\n<ul>\n<li>J.Pustu\u0142, M. Michna: Sprzeda\u017c przedsi\u0119biorstwa sp\u00f3\u0142ki a podatek od czynno\u015bci cywilnoprawnych, Przegl\u0105d Notarialny 3\/2003<\/li>\n<li>J.Pustu\u0142: Opodatkowanie dop\u0142at otrzymywanych w zwi\u0105zku z podzia\u0142em lub po\u0142\u0105czeniem sp\u00f3\u0142ek, Monitor Podatkowy Nr 2\/2003<\/li>\n<\/ul>\n<p>[\/vc_column_text][\/vc_column][\/vc_row]<\/p>\n","protected":false},"excerpt":{"rendered":"<p>[vc_row][vc_column][\/vc_column][\/vc_row][vc_row][vc_column el_id=&#8221;hu-publikacje&#8221;][vc_column_text] J.Pustu\u0142, M. Michna: Sprzeda\u017c przedsi\u0119biorstwa sp\u00f3\u0142ki a podatek od czynno\u015bci cywilnoprawnych, Przegl\u0105d Notarialny 3\/2003 J.Pustu\u0142: Opodatkowanie dop\u0142at otrzymywanych w zwi\u0105zku&#8230;<\/p>\n","protected":false},"author":1,"featured_media":0,"parent":6747,"menu_order":0,"comment_status":"closed","ping_status":"closed","template":"","meta":[],"_links":{"self":[{"href":"https:\/\/pustultax.pl\/en\/wp-json\/wp\/v2\/pages\/7294"}],"collection":[{"href":"https:\/\/pustultax.pl\/en\/wp-json\/wp\/v2\/pages"}],"about":[{"href":"https:\/\/pustultax.pl\/en\/wp-json\/wp\/v2\/types\/page"}],"author":[{"embeddable":true,"href":"https:\/\/pustultax.pl\/en\/wp-json\/wp\/v2\/users\/1"}],"replies":[{"embeddable":true,"href":"https:\/\/pustultax.pl\/en\/wp-json\/wp\/v2\/comments?post=7294"}],"version-history":[{"count":2,"href":"https:\/\/pustultax.pl\/en\/wp-json\/wp\/v2\/pages\/7294\/revisions"}],"predecessor-version":[{"id":7309,"href":"https:\/\/pustultax.pl\/en\/wp-json\/wp\/v2\/pages\/7294\/revisions\/7309"}],"up":[{"embeddable":true,"href":"https:\/\/pustultax.pl\/en\/wp-json\/wp\/v2\/pages\/6747"}],"wp:attachment":[{"href":"https:\/\/pustultax.pl\/en\/wp-json\/wp\/v2\/media?parent=7294"}],"curies":[{"name":"wp","href":"https:\/\/api.w.org\/{rel}","templated":true}]}}