{"id":7290,"date":"2021-07-26T22:10:02","date_gmt":"2021-07-26T22:10:02","guid":{"rendered":"https:\/\/pustultax.pl\/en\/publikacje\/publikacje-2012-4\/"},"modified":"2021-07-26T22:12:33","modified_gmt":"2021-07-26T22:12:33","slug":"publikacje-2009","status":"publish","type":"page","link":"https:\/\/pustultax.pl\/en\/publikacje\/publikacje-2009\/","title":{"rendered":"Publikacje 2009"},"content":{"rendered":"<p>[vc_row][vc_column]\r\n        <div class=\"rs-heading    \">\r\n        \t<div class=\"title-inner\">\r\n        \t     \r\n\t            \r\n\t            <h2 class=\"title \" >Publikacje z roku 2009<\/h2>\r\n\t           \r\n\t        <\/div><\/div>[\/vc_column][\/vc_row][vc_row][vc_column el_id=&#8221;hu-publikacje&#8221;][vc_column_text]<\/p>\n<ul>\n<li>J. Pustu\u0142, P. D\u0142ugosz: U\u017cycie nowszych materia\u0142\u00f3w nie zawsze oznacza modernizacj\u0119 &#8211; Rzeczpospolita z dn. 05.02.2009 r.<\/li>\n<li>J. Pustu\u0142, A. Zaucha: Pracodawca funduje abonament, a pracownik nies\u0142usznie p\u0142aci podatek &#8211; Rzeczpospolita z dn. 05.03.2009 r.<\/li>\n<li>J. Pustu\u0142, M. Przywara: Wk\u0142ad w postaci przedsi\u0119biorstwa wniesiesz bez VAT i bez PCC &#8211; Rzeczpospolita z dn. 06.04.2009 r.<\/li>\n<li>J. Pustu\u0142, M. Przywara: Odsetki od kredytu na wyp\u0142at\u0119 dywidendy s\u0105 kosztem sp\u00f3\u0142ki &#8211; Rzeczpospolita z dn. 10.08.2009 r.<\/li>\n<li>J. Pustu\u0142, A. Zaucha: Po\u017cyczasz za granic\u0105, mo\u017cesz unikn\u0105\u0107 polskiego podatku &#8211; Rzeczpospolita z dn. 14.09.2009 r.<\/li>\n<li>J. Pustu\u0142, M. Przywara: Jak rozliczy\u0107 wydatki na grunt pod inwestycj\u0119 &#8211; Rzeczpospolita z dn. 26.11.2009 r.<\/li>\n<li>J. Pustu\u0142, M. Przywara: Wydatki na rozbi\u00f3rk\u0119 powi\u0119ksz\u0105 warto\u015b\u0107 inwestycji &#8211; Rzeczpospolita z dn. 26.11.2009 r.<\/li>\n<li>J. Pustu\u0142: Glosa do wyroku WSA w Warszawie z dnia 28 listopada 2008 r., sygn. III SA\/Wa 1976\/08. Odsetki od kredytu zaci\u0105gni\u0119tego na wyp\u0142at\u0119 dywidendy a koszt uzyskania przychod\u00f3w, Przegl\u0105d Orzecznictwa Podatkowego nr 2\/2009 (marzec\/kwiecie\u0144 2009)<\/li>\n<li>J. Pustu\u0142: Glosa do wyroku WSA w Warszawie z dnia 21 stycznia 2009 r., sygn. III SA\/Wa 1597\/08, Reprezentacja &#8211; Przegl\u0105d Orzecznictwa Podatkowego nr 4\/2009 (lipiec\/sierpie\u0144 2009)<\/li>\n<li>J. Pustu\u0142: Rozwi\u0105zywanie spor\u00f3w w prawie podatkowym (autorstwo rozdzia\u0142u w publikacji przygotowywanej pod red. B. Brzezi\u0144skiego), wyd. ODDK<\/li>\n<li>J. Pustu\u0142: Glosa do wyroku WSA w Warszawie z dn. 20.08.2008r., sygn. III SA\/Wa 625\/08 &#8211; Pakiety medyczne dla pracownik\u00f3w a przych\u00f3d ze stosunku pracy, Prawo i podatki nr 1\/2009<\/li>\n<\/ul>\n<p>[\/vc_column_text][\/vc_column][\/vc_row]<\/p>\n","protected":false},"excerpt":{"rendered":"<p>[vc_row][vc_column][\/vc_column][\/vc_row][vc_row][vc_column el_id=&#8221;hu-publikacje&#8221;][vc_column_text] J. Pustu\u0142, P. D\u0142ugosz: U\u017cycie nowszych materia\u0142\u00f3w nie zawsze oznacza modernizacj\u0119 &#8211; Rzeczpospolita z dn. 05.02.2009 r. J. Pustu\u0142, A&#8230;.<\/p>\n","protected":false},"author":1,"featured_media":0,"parent":6747,"menu_order":0,"comment_status":"closed","ping_status":"closed","template":"","meta":[],"_links":{"self":[{"href":"https:\/\/pustultax.pl\/en\/wp-json\/wp\/v2\/pages\/7290"}],"collection":[{"href":"https:\/\/pustultax.pl\/en\/wp-json\/wp\/v2\/pages"}],"about":[{"href":"https:\/\/pustultax.pl\/en\/wp-json\/wp\/v2\/types\/page"}],"author":[{"embeddable":true,"href":"https:\/\/pustultax.pl\/en\/wp-json\/wp\/v2\/users\/1"}],"replies":[{"embeddable":true,"href":"https:\/\/pustultax.pl\/en\/wp-json\/wp\/v2\/comments?post=7290"}],"version-history":[{"count":1,"href":"https:\/\/pustultax.pl\/en\/wp-json\/wp\/v2\/pages\/7290\/revisions"}],"predecessor-version":[{"id":7293,"href":"https:\/\/pustultax.pl\/en\/wp-json\/wp\/v2\/pages\/7290\/revisions\/7293"}],"up":[{"embeddable":true,"href":"https:\/\/pustultax.pl\/en\/wp-json\/wp\/v2\/pages\/6747"}],"wp:attachment":[{"href":"https:\/\/pustultax.pl\/en\/wp-json\/wp\/v2\/media?parent=7290"}],"curies":[{"name":"wp","href":"https:\/\/api.w.org\/{rel}","templated":true}]}}