{"id":7289,"date":"2021-07-26T22:09:59","date_gmt":"2021-07-26T22:09:59","guid":{"rendered":"https:\/\/pustultax.pl\/en\/publikacje\/publikacje-2012-3\/"},"modified":"2021-07-26T22:10:45","modified_gmt":"2021-07-26T22:10:45","slug":"publikacje-2011","status":"publish","type":"page","link":"https:\/\/pustultax.pl\/en\/publikacje\/publikacje-2011\/","title":{"rendered":"Publikacje 2011"},"content":{"rendered":"<p>[vc_row][vc_column]\r\n        <div class=\"rs-heading    \">\r\n        \t<div class=\"title-inner\">\r\n        \t     \r\n\t            \r\n\t            <h2 class=\"title \" >Publikacje z roku 2011<\/h2>\r\n\t           \r\n\t        <\/div><\/div>[\/vc_column][\/vc_row][vc_row][vc_column el_id=&#8221;hu-publikacje&#8221;][vc_column_text]<\/p>\n<ul>\n<li>J. Pustu\u0142: Skutki podatkowe przekszta\u0142cenia sp\u00f3\u0142ki kapita\u0142owej w osobow\u0105 a interpretacja poj\u0119cia niepodzielonego zysku, Przegl\u0105d Podatkowy, 2011 nr 2 (238), s. 44-47<\/li>\n<li>J. Pustu\u0142: Opodatkowanie pakiet\u00f3w medycznych \u2013 uchwa\u0142a pe\u0142nego sk\u0142adu Izby Finansowej NSA z dnia 24 pa\u017adziernika 2011r., II FPS 7\/10, Przegl\u0105d Podatkowy 12\/2011<\/li>\n<\/ul>\n<p>[\/vc_column_text][\/vc_column][\/vc_row]<\/p>\n","protected":false},"excerpt":{"rendered":"<p>[vc_row][vc_column][\/vc_column][\/vc_row][vc_row][vc_column el_id=&#8221;hu-publikacje&#8221;][vc_column_text] J. Pustu\u0142: Skutki podatkowe przekszta\u0142cenia sp\u00f3\u0142ki kapita\u0142owej w osobow\u0105 a interpretacja poj\u0119cia niepodzielonego zysku, Przegl\u0105d Podatkowy, 2011 nr 2 (238),&#8230;<\/p>\n","protected":false},"author":1,"featured_media":0,"parent":6747,"menu_order":0,"comment_status":"closed","ping_status":"closed","template":"","meta":[],"_links":{"self":[{"href":"https:\/\/pustultax.pl\/en\/wp-json\/wp\/v2\/pages\/7289"}],"collection":[{"href":"https:\/\/pustultax.pl\/en\/wp-json\/wp\/v2\/pages"}],"about":[{"href":"https:\/\/pustultax.pl\/en\/wp-json\/wp\/v2\/types\/page"}],"author":[{"embeddable":true,"href":"https:\/\/pustultax.pl\/en\/wp-json\/wp\/v2\/users\/1"}],"replies":[{"embeddable":true,"href":"https:\/\/pustultax.pl\/en\/wp-json\/wp\/v2\/comments?post=7289"}],"version-history":[{"count":1,"href":"https:\/\/pustultax.pl\/en\/wp-json\/wp\/v2\/pages\/7289\/revisions"}],"predecessor-version":[{"id":7291,"href":"https:\/\/pustultax.pl\/en\/wp-json\/wp\/v2\/pages\/7289\/revisions\/7291"}],"up":[{"embeddable":true,"href":"https:\/\/pustultax.pl\/en\/wp-json\/wp\/v2\/pages\/6747"}],"wp:attachment":[{"href":"https:\/\/pustultax.pl\/en\/wp-json\/wp\/v2\/media?parent=7289"}],"curies":[{"name":"wp","href":"https:\/\/api.w.org\/{rel}","templated":true}]}}