{"id":7280,"date":"2021-07-26T22:05:29","date_gmt":"2021-07-26T22:05:29","guid":{"rendered":"https:\/\/pustultax.pl\/en\/publikacje\/publikacje-2021-6\/"},"modified":"2021-07-26T22:06:20","modified_gmt":"2021-07-26T22:06:20","slug":"publikacje-2016","status":"publish","type":"page","link":"https:\/\/pustultax.pl\/en\/publikacje\/publikacje-2016\/","title":{"rendered":"Publikacje 2016"},"content":{"rendered":"<p>[vc_row][vc_column]\r\n        <div class=\"rs-heading    \">\r\n        \t<div class=\"title-inner\">\r\n        \t     \r\n\t            \r\n\t            <h2 class=\"title \" >Publikacje z roku 2016<\/h2>\r\n\t           \r\n\t        <\/div><\/div>[\/vc_column][\/vc_row][vc_row][vc_column el_id=&#8221;hu-publikacje&#8221;][vc_column_text]<\/p>\n<ul>\n<li>J. Pustu\u0142: Trybuna\u0142 Konstytucyjny i przepisy prawa podatkowego, Przegl\u0105d Podatkowy, 2016 nr 5 (301), s. 17-26<\/li>\n<li>J. Pustu\u0142, K. Stawicka, : Programy dobrowolnych odej\u015b\u0107 mniej atrakcyjne, Rzeczpospolita, 2016 nr 163 (10496), s. D11<\/li>\n<li>J. Pustu\u0142, J. Or\u0142owski: Nowelizacja ordynacji podatkowej : zwrot kwot nienale\u017cnie otrzymanych od organu podatkowego, naliczanie odsetek za zw\u0142ok\u0119, wygasanie zobowi\u0105za\u0144 podatkowych, ulgi w sp\u0142acie zobowi\u0105za\u0144 podatkowych i przedawnienie, Przegl\u0105d Podatkowy, 2016 nr 1 (297), s. 32-41<\/li>\n<li>J. Pustu\u0142: Zagadnienia podatkowe zwi\u0105zane z finansowaniem grupy kapita\u0142owej : umowy o kredyt parasolowy, Toru\u0144ski Rocznik Podatkowy, 2016 t. Rocznik 2016, s. 181-190<\/li>\n<li>J. Pustu\u0142: Stawka VAT przy dostawie \u015brodk\u00f3w transportu lotniczego, cz\u0119\u015bci zamiennych do nich i wyposa\u017cenia pok\u0142adowego, Polskie prawo podatkowe a prawo unijne : katalog rozbie\u017cno\u015bci, 2016. &#8211; S. 160-162<\/li>\n<li>J. Pustu\u0142: Zwrot kwot nienale\u017cnie otrzymanych, naliczanie odsetek za zw\u0142ok\u0119, wygasanie zobowi\u0105za\u0144 podatkowych, Nowelizacja ordynacji podatkowej : zmiany wprowadzone ustaw\u0105 z dnia 10 wrze\u015bnia 2015 r., 2016. &#8211; S. 83-98<\/li>\n<\/ul>\n<p>[\/vc_column_text][\/vc_column][\/vc_row]<\/p>\n","protected":false},"excerpt":{"rendered":"<p>[vc_row][vc_column][\/vc_column][\/vc_row][vc_row][vc_column el_id=&#8221;hu-publikacje&#8221;][vc_column_text] J. Pustu\u0142: Trybuna\u0142 Konstytucyjny i przepisy prawa podatkowego, Przegl\u0105d Podatkowy, 2016 nr 5 (301), s. 17-26 J. Pustu\u0142, K. Stawicka,&#8230;<\/p>\n","protected":false},"author":1,"featured_media":0,"parent":6747,"menu_order":0,"comment_status":"closed","ping_status":"closed","template":"","meta":[],"_links":{"self":[{"href":"https:\/\/pustultax.pl\/en\/wp-json\/wp\/v2\/pages\/7280"}],"collection":[{"href":"https:\/\/pustultax.pl\/en\/wp-json\/wp\/v2\/pages"}],"about":[{"href":"https:\/\/pustultax.pl\/en\/wp-json\/wp\/v2\/types\/page"}],"author":[{"embeddable":true,"href":"https:\/\/pustultax.pl\/en\/wp-json\/wp\/v2\/users\/1"}],"replies":[{"embeddable":true,"href":"https:\/\/pustultax.pl\/en\/wp-json\/wp\/v2\/comments?post=7280"}],"version-history":[{"count":1,"href":"https:\/\/pustultax.pl\/en\/wp-json\/wp\/v2\/pages\/7280\/revisions"}],"predecessor-version":[{"id":7282,"href":"https:\/\/pustultax.pl\/en\/wp-json\/wp\/v2\/pages\/7280\/revisions\/7282"}],"up":[{"embeddable":true,"href":"https:\/\/pustultax.pl\/en\/wp-json\/wp\/v2\/pages\/6747"}],"wp:attachment":[{"href":"https:\/\/pustultax.pl\/en\/wp-json\/wp\/v2\/media?parent=7280"}],"curies":[{"name":"wp","href":"https:\/\/api.w.org\/{rel}","templated":true}]}}