{"id":7279,"date":"2021-07-26T22:05:26","date_gmt":"2021-07-26T22:05:26","guid":{"rendered":"https:\/\/pustultax.pl\/en\/publikacje\/publikacje-2021-5\/"},"modified":"2021-07-26T22:07:09","modified_gmt":"2021-07-26T22:07:09","slug":"publikacje-2015","status":"publish","type":"page","link":"https:\/\/pustultax.pl\/en\/publikacje\/publikacje-2015\/","title":{"rendered":"Publikacje 2015"},"content":{"rendered":"<p>[vc_row][vc_column]\r\n        <div class=\"rs-heading    \">\r\n        \t<div class=\"title-inner\">\r\n        \t     \r\n\t            \r\n\t            <h2 class=\"title \" >Publikacje z roku 2015<\/h2>\r\n\t           \r\n\t        <\/div><\/div>[\/vc_column][\/vc_row][vc_row][vc_column el_id=&#8221;hu-publikacje&#8221;][vc_column_text]<\/p>\n<ul>\n<li>J. Pustu\u0142: Skutki podatkowe operacji wymiany udzia\u0142\u00f3w, Przegl\u0105d Podatkowy, 2015 nr 11 (295), s. 32-41<\/li>\n<li>J. Pustu\u0142, K. Lasi\u0144ski-Sulecki, W. Morawski: Depicting national tax legislation : Poland, Tax legislation : standards, trends and challenges, 2015. &#8211; p. 333-354<\/li>\n<li>J. Pustu\u0142, A. Nita, B. Brzezi\u0144ski, M. Kalinowski, K. Lasi\u0144ski-Sulecki, W. Morawski, A. Olesi\u0144ska, E. Prejs, H. Filipczyk, M. Masternak, J. Or\u0142owski: Ordynacja podatkowa : komentarz praktyczny, 2015<\/li>\n<li>J. Pustu\u0142: Cash-pooling : konsekwencje w podatku od towar\u00f3w i us\u0142ug oraz podatku od czynno\u015bci cywilnoprawnych (cz\u0119\u015b\u0107 2), Przegl\u0105d Ustawodawstwa Gospodarczego, 2015 t. 68 nr 5 (803), s. 8-14<\/li>\n<li>J. Pustu\u0142: Cash-pooling : konsekwencje w podatku od towar\u00f3w i us\u0142ug oraz podatku od czynno\u015bci cywilnoprawnych (cz\u0119\u015b\u0107 1), Przegl\u0105d Ustawodawstwa Gospodarczego, 2015 t. 68 nr 4 (802), s. 8-13<\/li>\n<li>J. Pustu\u0142: Prawo do pe\u0142nego odliczenia VAT naliczonego przy nabyciu samochod\u00f3w osobowych po 1 kwietnia 2014r. : wyrok WSA w Krakowie z dnia 20 stycznia 2015r., sygn I SA\/Kr 1834\/14, Przegl\u0105d Podatkowy, 2015 nr 5 (289), s. 44-46<\/li>\n<li>J. Pustu\u0142: Nowelizacja przepis\u00f3w dotycz\u0105cych opodatkowania operacji przekszta\u0142cenia sp\u00f3\u0142ki kapita\u0142owej w sp\u00f3\u0142k\u0119 z o.o. (wyrok WSA w Gda\u0144sku z dnia 7 lipca 2015 r., I SA\/Gd 755\/15), Orzecznictwo w sprawach podatkowych : komentarze do wybranych orzecze\u0144 : edycja 2015, 2017. &#8211; S. 230-238<\/li>\n<\/ul>\n<p>[\/vc_column_text][\/vc_column][\/vc_row]<\/p>\n","protected":false},"excerpt":{"rendered":"<p>[vc_row][vc_column][\/vc_column][\/vc_row][vc_row][vc_column el_id=&#8221;hu-publikacje&#8221;][vc_column_text] J. Pustu\u0142: Skutki podatkowe operacji wymiany udzia\u0142\u00f3w, Przegl\u0105d Podatkowy, 2015 nr 11 (295), s. 32-41 J. Pustu\u0142, K. Lasi\u0144ski-Sulecki, W&#8230;.<\/p>\n","protected":false},"author":1,"featured_media":0,"parent":6747,"menu_order":0,"comment_status":"closed","ping_status":"closed","template":"","meta":[],"_links":{"self":[{"href":"https:\/\/pustultax.pl\/en\/wp-json\/wp\/v2\/pages\/7279"}],"collection":[{"href":"https:\/\/pustultax.pl\/en\/wp-json\/wp\/v2\/pages"}],"about":[{"href":"https:\/\/pustultax.pl\/en\/wp-json\/wp\/v2\/types\/page"}],"author":[{"embeddable":true,"href":"https:\/\/pustultax.pl\/en\/wp-json\/wp\/v2\/users\/1"}],"replies":[{"embeddable":true,"href":"https:\/\/pustultax.pl\/en\/wp-json\/wp\/v2\/comments?post=7279"}],"version-history":[{"count":1,"href":"https:\/\/pustultax.pl\/en\/wp-json\/wp\/v2\/pages\/7279\/revisions"}],"predecessor-version":[{"id":7283,"href":"https:\/\/pustultax.pl\/en\/wp-json\/wp\/v2\/pages\/7279\/revisions\/7283"}],"up":[{"embeddable":true,"href":"https:\/\/pustultax.pl\/en\/wp-json\/wp\/v2\/pages\/6747"}],"wp:attachment":[{"href":"https:\/\/pustultax.pl\/en\/wp-json\/wp\/v2\/media?parent=7279"}],"curies":[{"name":"wp","href":"https:\/\/api.w.org\/{rel}","templated":true}]}}