{"id":7278,"date":"2021-07-26T22:05:24","date_gmt":"2021-07-26T22:05:24","guid":{"rendered":"https:\/\/pustultax.pl\/en\/publikacje\/publikacje-2021-4\/"},"modified":"2021-07-26T22:09:00","modified_gmt":"2021-07-26T22:09:00","slug":"publikacje-2013","status":"publish","type":"page","link":"https:\/\/pustultax.pl\/en\/publikacje\/publikacje-2013\/","title":{"rendered":"Publikacje 2013"},"content":{"rendered":"<p>[vc_row][vc_column]\r\n        <div class=\"rs-heading    \">\r\n        \t<div class=\"title-inner\">\r\n        \t     \r\n\t            \r\n\t            <h2 class=\"title \" >Publikacje z roku 2013<\/h2>\r\n\t           \r\n\t        <\/div><\/div>[\/vc_column][\/vc_row][vc_row][vc_column el_id=&#8221;hu-publikacje&#8221;][vc_column_text]<\/p>\n<ul>\n<li>J. Pustu\u0142: Podatkowoprawne konsekwencje umowy o podziale koszt\u00f3w prac badawczo-rozwojowych dotycz\u0105cych grupy sp\u00f3\u0142ek powi\u0105zanych (cost sharing agreement), Kwartalnik Prawa Podatkowego, 2013 nr 2, s. 67-75<\/li>\n<li>J. Pustu\u0142, T. Tylus: Stawka VAT przy sprzeda\u017cy karnet\u00f3w i bilet\u00f3w wst\u0119pu, Monitor Podatkowy, 2013 t. 20 nr 8, s. 13-17<\/li>\n<li>J. Pustu\u0142: Konsekwencje podatkowe akcji promocyjno-reklamowych : podatek dochodowy od os\u00f3b fizycznych, Monitor Podatkowy, 2013 t. 20 nr 5, s. 13-17<\/li>\n<li>J. Pustu\u0142: Imprezy integracyjne a przych\u00f3d z nieodp\u0142atnych \u015bwiadcze\u0144, Przegl\u0105d Podatkowy, 2013 nr 9 (269), s. 35-44<\/li>\n<li>J. Pustu\u0142: Uchwa\u0142y NSA w sprawie opodatkowania abonament\u00f3w medycznych, Przegl\u0105d Podatkowy, 2013 nr 11 (271), s. 44-49<\/li>\n<li>J. Pustu\u0142: Nieodp\u0142atne por\u0119czenia i gwarancje : jak ustala\u0107 przych\u00f3d z tytu\u0142u nieodp\u0142atnych \u015bwiadcze\u0144, Przegl\u0105d Podatkowy, 2013 nr 5 (265), s. 25-32<\/li>\n<li>J. Pustu\u0142: Sprzeda\u017c nieruchomo\u015bci : konsekwencje dla podatku od towar\u00f3w i us\u0142ug, \u015awiat Nieruchomo\u015bci, 2013 nr 3 (85), s. 28-32<\/li>\n<li>J. Pustu\u0142: Umowy o podziale koszt\u00f3w a ustalenie ceny transferowej, Toru\u0144ski Rocznik Podatkowy, 2013 t. Rocznik 2013, s. 128-136<\/li>\n<li>J. Pustu\u0142: Us\u0142ugi rekreacyjne a stawka VAT; glosa do wyroku WSA w Gliwicach, Przegl\u0105d Orzecznictwa Podatkowego nr 6\/2013.<\/li>\n<li>J. Pustu\u0142: Poj\u0119cie przedsi\u0119biorstwa i jego zorganizowanej cz\u0119\u015bci w prawie podatkowym, Wyk\u0142adnia i stosowanie prawa podatkowego : w\u0119z\u0142owe problemy, 2013. &#8211; S. 418-436<\/li>\n<li>J. Pustu\u0142, B. Brzezi\u0144ski: Glosa do wyroku Wojew\u00f3dzkiego S\u0105du Administracyjnego w Warszawie z 19 czerwca 2012 r. (III SA\/Wa 1280\/12), Przegl\u0105d Orzecznictwa Podatkowego, 2013 t. 22 nr 3 (127), s. 212-216<\/li>\n<\/ul>\n<p>[\/vc_column_text][\/vc_column][\/vc_row]<\/p>\n","protected":false},"excerpt":{"rendered":"<p>[vc_row][vc_column][\/vc_column][\/vc_row][vc_row][vc_column el_id=&#8221;hu-publikacje&#8221;][vc_column_text] J. Pustu\u0142: Podatkowoprawne konsekwencje umowy o podziale koszt\u00f3w prac badawczo-rozwojowych dotycz\u0105cych grupy sp\u00f3\u0142ek powi\u0105zanych (cost sharing agreement), Kwartalnik Prawa Podatkowego,&#8230;<\/p>\n","protected":false},"author":1,"featured_media":0,"parent":6747,"menu_order":0,"comment_status":"closed","ping_status":"closed","template":"","meta":[],"_links":{"self":[{"href":"https:\/\/pustultax.pl\/en\/wp-json\/wp\/v2\/pages\/7278"}],"collection":[{"href":"https:\/\/pustultax.pl\/en\/wp-json\/wp\/v2\/pages"}],"about":[{"href":"https:\/\/pustultax.pl\/en\/wp-json\/wp\/v2\/types\/page"}],"author":[{"embeddable":true,"href":"https:\/\/pustultax.pl\/en\/wp-json\/wp\/v2\/users\/1"}],"replies":[{"embeddable":true,"href":"https:\/\/pustultax.pl\/en\/wp-json\/wp\/v2\/comments?post=7278"}],"version-history":[{"count":1,"href":"https:\/\/pustultax.pl\/en\/wp-json\/wp\/v2\/pages\/7278\/revisions"}],"predecessor-version":[{"id":7285,"href":"https:\/\/pustultax.pl\/en\/wp-json\/wp\/v2\/pages\/7278\/revisions\/7285"}],"up":[{"embeddable":true,"href":"https:\/\/pustultax.pl\/en\/wp-json\/wp\/v2\/pages\/6747"}],"wp:attachment":[{"href":"https:\/\/pustultax.pl\/en\/wp-json\/wp\/v2\/media?parent=7278"}],"curies":[{"name":"wp","href":"https:\/\/api.w.org\/{rel}","templated":true}]}}