{"id":7277,"date":"2021-07-26T22:05:22","date_gmt":"2021-07-26T22:05:22","guid":{"rendered":"https:\/\/pustultax.pl\/en\/publikacje\/publikacje-2021-3\/"},"modified":"2021-07-26T22:09:25","modified_gmt":"2021-07-26T22:09:25","slug":"publikacje-2012","status":"publish","type":"page","link":"https:\/\/pustultax.pl\/en\/publikacje\/publikacje-2012\/","title":{"rendered":"Publikacje 2012"},"content":{"rendered":"<p>[vc_row][vc_column]\r\n        <div class=\"rs-heading    \">\r\n        \t<div class=\"title-inner\">\r\n        \t     \r\n\t            \r\n\t            <h2 class=\"title \" >Publikacje z roku 2012<\/h2>\r\n\t           \r\n\t        <\/div><\/div>[\/vc_column][\/vc_row][vc_row][vc_column el_id=&#8221;hu-publikacje&#8221;][vc_column_text]<\/p>\n<ul>\n<li>J. Pustu\u0142: Podatkowoprawne konsekwencje umowy o podziale koszt\u00f3w us\u0142ug wykonywanych na rzecz sp\u00f3\u0142ek powi\u0105zanych (cost sharing agreement), Kwartalnik Prawa Podatkowego, 2012 nr 4, s. 75-82<\/li>\n<li>J. Pustu\u0142, S. Babiarz, S. Bogucki, A. Dumas, R. P\u0119k, S. Presnarowicz: Rycza\u0142ty w prawie podatkowym, 2012<\/li>\n<\/ul>\n<p>[\/vc_column_text][\/vc_column][\/vc_row]<\/p>\n","protected":false},"excerpt":{"rendered":"<p>[vc_row][vc_column][\/vc_column][\/vc_row][vc_row][vc_column el_id=&#8221;hu-publikacje&#8221;][vc_column_text] J. Pustu\u0142: Podatkowoprawne konsekwencje umowy o podziale koszt\u00f3w us\u0142ug wykonywanych na rzecz sp\u00f3\u0142ek powi\u0105zanych (cost sharing agreement), Kwartalnik Prawa Podatkowego,&#8230;<\/p>\n","protected":false},"author":1,"featured_media":0,"parent":6747,"menu_order":0,"comment_status":"closed","ping_status":"closed","template":"","meta":[],"_links":{"self":[{"href":"https:\/\/pustultax.pl\/en\/wp-json\/wp\/v2\/pages\/7277"}],"collection":[{"href":"https:\/\/pustultax.pl\/en\/wp-json\/wp\/v2\/pages"}],"about":[{"href":"https:\/\/pustultax.pl\/en\/wp-json\/wp\/v2\/types\/page"}],"author":[{"embeddable":true,"href":"https:\/\/pustultax.pl\/en\/wp-json\/wp\/v2\/users\/1"}],"replies":[{"embeddable":true,"href":"https:\/\/pustultax.pl\/en\/wp-json\/wp\/v2\/comments?post=7277"}],"version-history":[{"count":1,"href":"https:\/\/pustultax.pl\/en\/wp-json\/wp\/v2\/pages\/7277\/revisions"}],"predecessor-version":[{"id":7286,"href":"https:\/\/pustultax.pl\/en\/wp-json\/wp\/v2\/pages\/7277\/revisions\/7286"}],"up":[{"embeddable":true,"href":"https:\/\/pustultax.pl\/en\/wp-json\/wp\/v2\/pages\/6747"}],"wp:attachment":[{"href":"https:\/\/pustultax.pl\/en\/wp-json\/wp\/v2\/media?parent=7277"}],"curies":[{"name":"wp","href":"https:\/\/api.w.org\/{rel}","templated":true}]}}