{"id":7276,"date":"2021-07-26T22:05:18","date_gmt":"2021-07-26T22:05:18","guid":{"rendered":"https:\/\/pustultax.pl\/en\/publikacje\/publikacje-2021-2\/"},"modified":"2021-07-26T22:09:46","modified_gmt":"2021-07-26T22:09:46","slug":"publikacje-2021","status":"publish","type":"page","link":"https:\/\/pustultax.pl\/en\/publikacje\/publikacje-2021\/","title":{"rendered":"Publikacje 2021"},"content":{"rendered":"<p>[vc_row][vc_column]\r\n        <div class=\"rs-heading    \">\r\n        \t<div class=\"title-inner\">\r\n        \t     \r\n\t            \r\n\t            <h2 class=\"title \" >Publikacje z roku 2021<\/h2>\r\n\t           \r\n\t        <\/div><\/div>[\/vc_column][\/vc_row][vc_row][vc_column el_id=&#8221;hu-publikacje&#8221;][vc_column_text]<\/p>\n<ul>\n<li>J. Pustu\u0142: Rycza\u0142t od dochod\u00f3w sp\u00f3\u0142ek kapita\u0142owych, czyli esto\u0144ski CIT \u00e0 la polonaise, Przegl\u0105d Podatkowy, 2021 nr 3 (359), s. 27-38<\/li>\n<li>J. Pustu\u0142: Podatek dochodowy od os\u00f3b prawnych \u2013 zmiany od 1.01.2021 r., Przegl\u0105d Podatkowy, 2021 nr 2 (358), s. 15-24<\/li>\n<\/ul>\n<p>[\/vc_column_text][\/vc_column][\/vc_row]<\/p>\n","protected":false},"excerpt":{"rendered":"<p>[vc_row][vc_column][\/vc_column][\/vc_row][vc_row][vc_column el_id=&#8221;hu-publikacje&#8221;][vc_column_text] J. Pustu\u0142: Rycza\u0142t od dochod\u00f3w sp\u00f3\u0142ek kapita\u0142owych, czyli esto\u0144ski CIT \u00e0 la polonaise, Przegl\u0105d Podatkowy, 2021 nr 3 (359), s&#8230;.<\/p>\n","protected":false},"author":1,"featured_media":0,"parent":6747,"menu_order":0,"comment_status":"closed","ping_status":"closed","template":"","meta":[],"_links":{"self":[{"href":"https:\/\/pustultax.pl\/en\/wp-json\/wp\/v2\/pages\/7276"}],"collection":[{"href":"https:\/\/pustultax.pl\/en\/wp-json\/wp\/v2\/pages"}],"about":[{"href":"https:\/\/pustultax.pl\/en\/wp-json\/wp\/v2\/types\/page"}],"author":[{"embeddable":true,"href":"https:\/\/pustultax.pl\/en\/wp-json\/wp\/v2\/users\/1"}],"replies":[{"embeddable":true,"href":"https:\/\/pustultax.pl\/en\/wp-json\/wp\/v2\/comments?post=7276"}],"version-history":[{"count":1,"href":"https:\/\/pustultax.pl\/en\/wp-json\/wp\/v2\/pages\/7276\/revisions"}],"predecessor-version":[{"id":7287,"href":"https:\/\/pustultax.pl\/en\/wp-json\/wp\/v2\/pages\/7276\/revisions\/7287"}],"up":[{"embeddable":true,"href":"https:\/\/pustultax.pl\/en\/wp-json\/wp\/v2\/pages\/6747"}],"wp:attachment":[{"href":"https:\/\/pustultax.pl\/en\/wp-json\/wp\/v2\/media?parent=7276"}],"curies":[{"name":"wp","href":"https:\/\/api.w.org\/{rel}","templated":true}]}}