{"id":7270,"date":"2021-07-26T22:02:47","date_gmt":"2021-07-26T22:02:47","guid":{"rendered":"https:\/\/pustultax.pl\/en\/publikacje\/publikacje-2021-3\/"},"modified":"2021-07-26T22:04:09","modified_gmt":"2021-07-26T22:04:09","slug":"publikacje-2018","status":"publish","type":"page","link":"https:\/\/pustultax.pl\/en\/publikacje\/publikacje-2018\/","title":{"rendered":"Publikacje 2018"},"content":{"rendered":"<p>[vc_row][vc_column]\r\n        <div class=\"rs-heading    \">\r\n        \t<div class=\"title-inner\">\r\n        \t     \r\n\t            \r\n\t            <h2 class=\"title \" >Publikacje z roku 2018<\/h2>\r\n\t           \r\n\t        <\/div><\/div>[\/vc_column][\/vc_row][vc_row][vc_column el_id=&#8221;hu-publikacje&#8221;][vc_column_text]<\/p>\n<ul>\n<li>J. Pustu\u0142, B. Brzezi\u0144ski, W. Morawski, K. Lasi\u0144ski-Sulecki, Potr\u0105cenie wierzytelno\u015bci przys\u0142uguj\u0105cej sp\u00f3\u0142ce wobec udzia\u0142owca a charakter wk\u0142adu, Przegl\u0105d Podatkowy, 2018 nr 1 (321), s. 43-49<\/li>\n<li>J. Pustu\u0142: Opodatkowanie pracowniczych program\u00f3w motywacyjnych stosowanych przez sp\u00f3\u0142ki nale\u017c\u0105ce do grup kapita\u0142owych, Nowe narz\u0119dzia prawne w podatkach dochodowych i maj\u0105tkowych : poprawa efektywno\u015bci systemu podatkowego, 2018. &#8211; S. 199-217<\/li>\n<li>J. Pustu\u0142, B. Brzezi\u0144ski, W. Morawski, K. Lasi\u0144ski-Sulecki: Pokrycie podwy\u017cszonego kapita\u0142u sp\u00f3\u0142ki w drodze potr\u0105cenia z wierzytelno\u015bci\u0105 z tytu\u0142u po\u017cyczki, Przegl\u0105d Orzecznictwa Podatkowego, 2018 t. 27 nr 5 (159), s. 349-359<\/li>\n<li>J. Pustu\u0142: Zasada pewno\u015bci prawa podatkowego a walka z tzw. agresywn\u0105 optymalizacj\u0105 podatkow\u0105 : wdra\u017canie BEPS i ATAD a zasady finansowania w grupach kapita\u0142owych, Zasada pewno\u015bci w prawie podatkowym, 2018. &#8211; S. 349-358<\/li>\n<li>J. Pustu\u0142: Wy\u0142\u0105czenia z koszt\u00f3w uzyskania przychod\u00f3w kwot pochodz\u0105cych z podzia\u0142u wyniku finansowego sp\u00f3\u0142ki, Nowe narz\u0119dzia prawne w podatkach dochodowych i maj\u0105tkowych : poprawa efektywno\u015bci systemu podatkowego, 2018. &#8211; S. 297-311<\/li>\n<li>J. Pustu\u0142: Aspekty podatkowe funkcjonowania w grupie podmiot\u00f3w powi\u0105zanych : ceny transferowe i dokumentacja podatkowa, Nowe narz\u0119dzia prawne w podatkach dochodowych i maj\u0105tkowych : poprawa efektywno\u015bci systemu podatkowego, 2018. &#8211; S. 113-163<\/li>\n<li>J. Pustu\u0142: Podatek od towar\u00f3w i us\u0142ug naliczony w zwi\u0105zku z wniesieniem aportu do sp\u00f3\u0142ki a przych\u00f3d w podatku dochodowym od os\u00f3b prawnych : (wyrok NSA z 11.10.2017 r., II FSK 2514\/15), Orzecznictwo w sprawach podatkowych : edycja 2018, 2019. &#8211; S. 123-131<\/li>\n<\/ul>\n<p>[\/vc_column_text][\/vc_column][\/vc_row]<\/p>\n","protected":false},"excerpt":{"rendered":"<p>[vc_row][vc_column][\/vc_column][\/vc_row][vc_row][vc_column el_id=&#8221;hu-publikacje&#8221;][vc_column_text] J. Pustu\u0142, B. Brzezi\u0144ski, W. Morawski, K. Lasi\u0144ski-Sulecki, Potr\u0105cenie wierzytelno\u015bci przys\u0142uguj\u0105cej sp\u00f3\u0142ce wobec udzia\u0142owca a charakter wk\u0142adu, Przegl\u0105d Podatkowy, 2018&#8230;<\/p>\n","protected":false},"author":1,"featured_media":0,"parent":6747,"menu_order":0,"comment_status":"closed","ping_status":"closed","template":"","meta":[],"_links":{"self":[{"href":"https:\/\/pustultax.pl\/en\/wp-json\/wp\/v2\/pages\/7270"}],"collection":[{"href":"https:\/\/pustultax.pl\/en\/wp-json\/wp\/v2\/pages"}],"about":[{"href":"https:\/\/pustultax.pl\/en\/wp-json\/wp\/v2\/types\/page"}],"author":[{"embeddable":true,"href":"https:\/\/pustultax.pl\/en\/wp-json\/wp\/v2\/users\/1"}],"replies":[{"embeddable":true,"href":"https:\/\/pustultax.pl\/en\/wp-json\/wp\/v2\/comments?post=7270"}],"version-history":[{"count":1,"href":"https:\/\/pustultax.pl\/en\/wp-json\/wp\/v2\/pages\/7270\/revisions"}],"predecessor-version":[{"id":7274,"href":"https:\/\/pustultax.pl\/en\/wp-json\/wp\/v2\/pages\/7270\/revisions\/7274"}],"up":[{"embeddable":true,"href":"https:\/\/pustultax.pl\/en\/wp-json\/wp\/v2\/pages\/6747"}],"wp:attachment":[{"href":"https:\/\/pustultax.pl\/en\/wp-json\/wp\/v2\/media?parent=7270"}],"curies":[{"name":"wp","href":"https:\/\/api.w.org\/{rel}","templated":true}]}}