{"id":7269,"date":"2021-07-26T22:02:43","date_gmt":"2021-07-26T22:02:43","guid":{"rendered":"https:\/\/pustultax.pl\/en\/publikacje\/publikacje-2021-2\/"},"modified":"2021-07-26T22:05:06","modified_gmt":"2021-07-26T22:05:06","slug":"publikacje-2017","status":"publish","type":"page","link":"https:\/\/pustultax.pl\/en\/publikacje\/publikacje-2017\/","title":{"rendered":"Publikacje 2017"},"content":{"rendered":"<p>[vc_row][vc_column]\r\n        <div class=\"rs-heading    \">\r\n        \t<div class=\"title-inner\">\r\n        \t     \r\n\t            \r\n\t            <h2 class=\"title \" >Publikacje z roku 2017<\/h2>\r\n\t           \r\n\t        <\/div><\/div>[\/vc_column][\/vc_row][vc_row][vc_column el_id=&#8221;hu-publikacje&#8221;][vc_column_text]<\/p>\n<ul>\n<li>J. Pustu\u0142: Odpowiedzialno\u015b\u0107 podatkowa sp\u00f3\u0142ek tworz\u0105cych podatkow\u0105 grup\u0119 kapita\u0142ow\u0105, Odpowiedzialno\u015b\u0107 i sankcje w prawie podatkowym, 2017. &#8211; S. 37-49<\/li>\n<li>J. Pustu\u0142: Transakcje zawierane przez podmioty powi\u0105zane : nowe obowi\u0105zki dokumentacyjne, Przegl\u0105d Podatkowy, 2017 nr 1 (309), s. 9-19<\/li>\n<li>J. Pustu\u0142, B. Brzezi\u0144ski, A. Olesi\u0144ska: Odpowiedzialno\u015b\u0107 i sankcje w prawie podatkowym, 2017<\/li>\n<li>J. Pustu\u0142, B. Brzezi\u0144ski, A. Olesi\u0144ska, M. Kalinowski, A. Nita, K. Lasi\u0144ski-Sulecki, M. Masternak, W. Morawski, J. Or\u0142owski, E. Prejs, H. Filipczyk: Ordynacja podatkowa : komentarz praktyczny; 2017<\/li>\n<li>J. Pustu\u0142: Pe\u0142nienie obowi\u0105zk\u00f3w cz\u0142onka zarz\u0105du w \u015bwietle orzecznictwa s\u0105d\u00f3w administracyjnych, Przegl\u0105d Orzecznictwa Podatkowego, 2017 t. 26 nr 1 (149), s. 7-17<\/li>\n<li>J. Pustu\u0142: Koszty uzyskania przychod\u00f3w w przypadku zbycia przez sp\u00f3\u0142k\u0119 kapita\u0142ow\u0105 sk\u0142adnik\u00f3w otrzymanych w wyniku likwidacji sp\u00f3\u0142ki zale\u017cnej (wyrok NSA z 25.11.2016 r., II FSK 3300\/14), Orzecznictwo w sprawach podatkowych : edycja 2017, 2017. &#8211; S. 199-207<\/li>\n<li>J. Pustu\u0142: Wy\u0142\u0105czenie od opodatkowania, Wielka encyklopedia prawa. T. 11, 2017. &#8211; S. 516<\/li>\n<li>J. Pustu\u0142, B. Brzezi\u0144ski: Jurysdykcja podatkowa, Wielka encyklopedia prawa. T. 11, 2017. &#8211; S. 216-217<\/li>\n<li>J. Pustu\u0142: Immunitet podatkowy, Wielka encyklopedia prawa. T. 11, 2017. &#8211; S. 203<\/li>\n<li>J. Pustu\u0142: Szacowanie podstawy opodatkowania, Wielka encyklopedia prawa. T. 11, 2017. &#8211; S. 466<\/li>\n<li>J. Pustu\u0142: Odroczenie terminu zap\u0142aty podatku, Wielka encyklopedia prawa. T. 11, 2017. &#8211; S. 296<\/li>\n<li>J. Pustu\u0142: Umorzenie zaleg\u0142o\u015bci podatkowych, Wielka encyklopedia prawa. T. 11, 2017. &#8211; S. 485<\/li>\n<li>J. Pustu\u0142: Pe\u0142nomocnik podatkowy, Wielka encyklopedia prawa. T. 11, 2017. &#8211; S. 344<\/li>\n<li>J. Pustu\u0142: Rejestr podatnik\u00f3w, Wielka encyklopedia prawa. T. 11, 2017. &#8211; S. 419<\/li>\n<li>J. Pustu\u0142, I. Andrzejewska-Czernek, B. Brzezi\u0144ski, M. Kalinowski, K. Lasi\u0144ski-Sulecki, W. Morawski, A. Olesi\u0144ska, E. Prejs, A. Zalasi\u0144ski, Prawo podatkowe Unii Europejskiej, 2017<\/li>\n<li>J. Pustu\u0142: Rycza\u0142t podatkowy, Wielka encyklopedia prawa. T. 11, 2017. &#8211; S. 430-431<\/li>\n<li>J. Pustu\u0142: Nowelizacja przepis\u00f3w dotycz\u0105cych opodatkowania operacji przekszta\u0142cenia sp\u00f3\u0142ki kapita\u0142owej w sp\u00f3\u0142k\u0119 z o.o. (wyrok WSA w Gda\u0144sku z dnia 7 lipca 2015 r., I SA\/Gd 755\/15), Orzecznictwo w sprawach podatkowych : komentarze do wybranych orzecze\u0144 : edycja 2015, 2017. &#8211; S. 230-238<\/li>\n<\/ul>\n<p>[\/vc_column_text][\/vc_column][\/vc_row]<\/p>\n","protected":false},"excerpt":{"rendered":"<p>[vc_row][vc_column][\/vc_column][\/vc_row][vc_row][vc_column el_id=&#8221;hu-publikacje&#8221;][vc_column_text] J. Pustu\u0142: Odpowiedzialno\u015b\u0107 podatkowa sp\u00f3\u0142ek tworz\u0105cych podatkow\u0105 grup\u0119 kapita\u0142ow\u0105, Odpowiedzialno\u015b\u0107 i sankcje w prawie podatkowym, 2017. &#8211; S. 37-49 J&#8230;.<\/p>\n","protected":false},"author":1,"featured_media":0,"parent":6747,"menu_order":0,"comment_status":"closed","ping_status":"closed","template":"","meta":[],"_links":{"self":[{"href":"https:\/\/pustultax.pl\/en\/wp-json\/wp\/v2\/pages\/7269"}],"collection":[{"href":"https:\/\/pustultax.pl\/en\/wp-json\/wp\/v2\/pages"}],"about":[{"href":"https:\/\/pustultax.pl\/en\/wp-json\/wp\/v2\/types\/page"}],"author":[{"embeddable":true,"href":"https:\/\/pustultax.pl\/en\/wp-json\/wp\/v2\/users\/1"}],"replies":[{"embeddable":true,"href":"https:\/\/pustultax.pl\/en\/wp-json\/wp\/v2\/comments?post=7269"}],"version-history":[{"count":1,"href":"https:\/\/pustultax.pl\/en\/wp-json\/wp\/v2\/pages\/7269\/revisions"}],"predecessor-version":[{"id":7275,"href":"https:\/\/pustultax.pl\/en\/wp-json\/wp\/v2\/pages\/7269\/revisions\/7275"}],"up":[{"embeddable":true,"href":"https:\/\/pustultax.pl\/en\/wp-json\/wp\/v2\/pages\/6747"}],"wp:attachment":[{"href":"https:\/\/pustultax.pl\/en\/wp-json\/wp\/v2\/media?parent=7269"}],"curies":[{"name":"wp","href":"https:\/\/api.w.org\/{rel}","templated":true}]}}