{"id":7266,"date":"2021-07-26T21:59:49","date_gmt":"2021-07-26T21:59:49","guid":{"rendered":"https:\/\/pustultax.pl\/en\/publikacje\/publikacje-2021-3\/"},"modified":"2021-07-26T22:02:25","modified_gmt":"2021-07-26T22:02:25","slug":"publikacje-2019","status":"publish","type":"page","link":"https:\/\/pustultax.pl\/en\/publikacje\/publikacje-2019\/","title":{"rendered":"Publikacje 2019"},"content":{"rendered":"<p>[vc_row][vc_column]\r\n        <div class=\"rs-heading    \">\r\n        \t<div class=\"title-inner\">\r\n        \t     \r\n\t            \r\n\t            <h2 class=\"title \" >Publikacje z roku 2019<\/h2>\r\n\t           \r\n\t        <\/div><\/div>[\/vc_column][\/vc_row][vc_row][vc_column el_id=&#8221;hu-publikacje&#8221;][vc_column_text]<\/p>\n<ul>\n<li>J. Pustu\u0142, W. Morawski, K. Lasi\u0144ski-Sulecki, I. Andrzejewska-Czernek, B. Brzezi\u0144ski Bogumi\u0142: W\u0142asno\u015b\u0107 intelektualna i jej efektywne wykorzystanie w dzia\u0142alno\u015bci przedsi\u0119biorstwa : aktualne problemy, 2019. &#8211; S. 251-311<\/li>\n<li>J. Pustu\u0142: Ograniczenia w zaliczeniu do koszt\u00f3w uzyskania przychod\u00f3w wydatk\u00f3w ponoszonych na nabycie us\u0142ug od podmiot\u00f3w powi\u0105zanych &#8211; art. 15e ust.1 pkt 1 u.p.d.o.p. w orzecznictwie s\u0105dowym, Przegl\u0105d Orzecznictwa Podatkowego, 2019 nr 6 (166), s. 433-443<\/li>\n<li>J. Pustu\u0142: Konsekwencje podatkowe por\u0119cze\u0144 i innych form zabezpieczenia zobowi\u0105za\u0144 wykorzystywanych przez sp\u00f3\u0142ki nale\u017c\u0105ce do grup kapita\u0142owych, Prawo podatkowe w systemie prawa : mi\u0119dzyga\u0142\u0119ziowe zwi\u0105zki norm i instytucji prawnych, 2019. &#8211; S. 287-296<\/li>\n<li>J. Pustu\u0142: Podatek od towar\u00f3w i us\u0142ug naliczony w zwi\u0105zku z wniesieniem aportu do sp\u00f3\u0142ki a przych\u00f3d w podatku dochodowym od os\u00f3b prawnych : (wyrok NSA z 11.10.2017 r., II FSK 2514\/15), Orzecznictwo w sprawach podatkowych : edycja 2018, 2019. &#8211; S. 123-131<\/li>\n<\/ul>\n<p>[\/vc_column_text][\/vc_column][\/vc_row]<\/p>\n","protected":false},"excerpt":{"rendered":"<p>[vc_row][vc_column][\/vc_column][\/vc_row][vc_row][vc_column el_id=&#8221;hu-publikacje&#8221;][vc_column_text] J. Pustu\u0142, W. Morawski, K. Lasi\u0144ski-Sulecki, I. Andrzejewska-Czernek, B. Brzezi\u0144ski Bogumi\u0142: W\u0142asno\u015b\u0107 intelektualna i jej efektywne wykorzystanie w dzia\u0142alno\u015bci przedsi\u0119biorstwa&#8230;<\/p>\n","protected":false},"author":1,"featured_media":0,"parent":6747,"menu_order":0,"comment_status":"closed","ping_status":"closed","template":"","meta":[],"_links":{"self":[{"href":"https:\/\/pustultax.pl\/en\/wp-json\/wp\/v2\/pages\/7266"}],"collection":[{"href":"https:\/\/pustultax.pl\/en\/wp-json\/wp\/v2\/pages"}],"about":[{"href":"https:\/\/pustultax.pl\/en\/wp-json\/wp\/v2\/types\/page"}],"author":[{"embeddable":true,"href":"https:\/\/pustultax.pl\/en\/wp-json\/wp\/v2\/users\/1"}],"replies":[{"embeddable":true,"href":"https:\/\/pustultax.pl\/en\/wp-json\/wp\/v2\/comments?post=7266"}],"version-history":[{"count":1,"href":"https:\/\/pustultax.pl\/en\/wp-json\/wp\/v2\/pages\/7266\/revisions"}],"predecessor-version":[{"id":7268,"href":"https:\/\/pustultax.pl\/en\/wp-json\/wp\/v2\/pages\/7266\/revisions\/7268"}],"up":[{"embeddable":true,"href":"https:\/\/pustultax.pl\/en\/wp-json\/wp\/v2\/pages\/6747"}],"wp:attachment":[{"href":"https:\/\/pustultax.pl\/en\/wp-json\/wp\/v2\/media?parent=7266"}],"curies":[{"name":"wp","href":"https:\/\/api.w.org\/{rel}","templated":true}]}}