{"id":7265,"date":"2021-07-26T21:59:49","date_gmt":"2021-07-26T21:59:49","guid":{"rendered":"https:\/\/pustultax.pl\/en\/publikacje\/publikacje-2021-2\/"},"modified":"2021-07-26T22:00:52","modified_gmt":"2021-07-26T22:00:52","slug":"publikacje-2020","status":"publish","type":"page","link":"https:\/\/pustultax.pl\/en\/publikacje\/publikacje-2020\/","title":{"rendered":"Publikacje 2020"},"content":{"rendered":"<p>[vc_row][vc_column]\r\n        <div class=\"rs-heading    \">\r\n        \t<div class=\"title-inner\">\r\n        \t     \r\n\t            \r\n\t            <h2 class=\"title \" >Publikacje z roku 2020<\/h2>\r\n\t           \r\n\t        <\/div><\/div>[\/vc_column][\/vc_row][vc_row][vc_column el_id=&#8221;hu-publikacje&#8221;][vc_column_text]<\/p>\n<ul>\n<li>J. Pustu\u0142, A. Olesi\u0144ska, A. Franczak, P. Majka, Kazusy z prawa podatkowego, 2020<\/li>\n<li>J. Pustu\u0142: Glosa do wyroku Wojew\u00f3dzkiego S\u0105du Administracyjnego w Krakowie z dnia 6 grudnia 2018r. (I SA\/Kr 1054\/18), Przegl\u0105d Orzecznictwa Podatkowego, 2020 nr 1 (167), s. 25-31<\/li>\n<\/ul>\n<p>[\/vc_column_text][\/vc_column][\/vc_row]<\/p>\n","protected":false},"excerpt":{"rendered":"<p>[vc_row][vc_column][\/vc_column][\/vc_row][vc_row][vc_column el_id=&#8221;hu-publikacje&#8221;][vc_column_text] J. Pustu\u0142, A. Olesi\u0144ska, A. Franczak, P. Majka, Kazusy z prawa podatkowego, 2020 J. Pustu\u0142: Glosa do wyroku Wojew\u00f3dzkiego S\u0105du&#8230;<\/p>\n","protected":false},"author":1,"featured_media":0,"parent":6747,"menu_order":0,"comment_status":"closed","ping_status":"closed","template":"","meta":[],"_links":{"self":[{"href":"https:\/\/pustultax.pl\/en\/wp-json\/wp\/v2\/pages\/7265"}],"collection":[{"href":"https:\/\/pustultax.pl\/en\/wp-json\/wp\/v2\/pages"}],"about":[{"href":"https:\/\/pustultax.pl\/en\/wp-json\/wp\/v2\/types\/page"}],"author":[{"embeddable":true,"href":"https:\/\/pustultax.pl\/en\/wp-json\/wp\/v2\/users\/1"}],"replies":[{"embeddable":true,"href":"https:\/\/pustultax.pl\/en\/wp-json\/wp\/v2\/comments?post=7265"}],"version-history":[{"count":1,"href":"https:\/\/pustultax.pl\/en\/wp-json\/wp\/v2\/pages\/7265\/revisions"}],"predecessor-version":[{"id":7267,"href":"https:\/\/pustultax.pl\/en\/wp-json\/wp\/v2\/pages\/7265\/revisions\/7267"}],"up":[{"embeddable":true,"href":"https:\/\/pustultax.pl\/en\/wp-json\/wp\/v2\/pages\/6747"}],"wp:attachment":[{"href":"https:\/\/pustultax.pl\/en\/wp-json\/wp\/v2\/media?parent=7265"}],"curies":[{"name":"wp","href":"https:\/\/api.w.org\/{rel}","templated":true}]}}