{"id":6754,"date":"2020-11-15T20:52:01","date_gmt":"2020-11-15T20:52:01","guid":{"rendered":"https:\/\/pustultax.pl\/en\/?page_id=6754"},"modified":"2021-07-26T22:08:34","modified_gmt":"2021-07-26T22:08:34","slug":"publikacje-2014","status":"publish","type":"page","link":"https:\/\/pustultax.pl\/en\/publikacje\/publikacje-2014\/","title":{"rendered":"Publikacje 2014"},"content":{"rendered":"<p>[vc_row][vc_column]\r\n        <div class=\"rs-heading    \">\r\n        \t<div class=\"title-inner\">\r\n        \t     \r\n\t            \r\n\t            <h2 class=\"title \" >Publikacje z roku 2014<\/h2>\r\n\t           \r\n\t        <\/div><\/div>[\/vc_column][\/vc_row][vc_row][vc_column el_id=&#8221;hu-publikacje&#8221;][vc_column_text]<\/p>\n<ul>\n<li>J. Pustu\u0142: Wy\u0142\u0105czny lub dominuj\u0105cy cel poniesienia wydatk\u00f3w kryterium rozstrzygaj\u0105cym o reprezentacji, Monitor Podatkowy, 2014 t. 21 nr 5, s. 11-16<\/li>\n<li>J. Pustu\u0142: Amortyzacja podatkowa u\u017cywanych lub ulepszonych budynk\u00f3w i budowli, \u015awiat Nieruchomo\u015bci, 2014 nr 2 (88), s. 21-25<\/li>\n<li>J. Pustu\u0142: Premie i nagrody uzale\u017cnione od wynik\u00f3w finansowych firmy a koszty uzyskania przychod\u00f3w pracodawcy, Przegl\u0105d Podatkowy, 2014 nr 12 (284), s. 44-50<\/li>\n<li>J. Pustu\u0142: Likwidacja inwestycji w obcym \u015brodku trwa\u0142ym w zwi\u0105zku z rozwi\u0105zaniem umowy najmu, Przegl\u0105d Podatkowy, 2014 nr 3 (275), s. 35-40<\/li>\n<li>J. Pustu\u0142: Prawo stosowania obni\u017conej stawki VAT &#8220;wy\u0142\u0105cznie w zakresie wst\u0119pu&#8221; \u2013 om\u00f3wienie wyroku Naczelnego S\u0105du Administracyjnego z dnia 30 stycznia 2014r., I FSK 311\/1, Przegl\u0105d Podatkowy nr 4\/2014<\/li>\n<li>J. Pustu\u0142: Prawo do stosowania obni\u017conej stawki VAT &#8220;wy\u0142\u0105cznie w zakresie wst\u0119pu&#8221; : wyrok Naczelnego S\u0105du Administracyjnego z dnia 30 stycznia 2014r., I FSK 311\/13, Przegl\u0105d Podatkowy, 2014 nr 4 (276), s. 50-51<\/li>\n<\/ul>\n<p>[\/vc_column_text][\/vc_column][\/vc_row]<\/p>\n","protected":false},"excerpt":{"rendered":"<p>[vc_row][vc_column][\/vc_column][\/vc_row][vc_row][vc_column el_id=&#8221;hu-publikacje&#8221;][vc_column_text] J. Pustu\u0142: Wy\u0142\u0105czny lub dominuj\u0105cy cel poniesienia wydatk\u00f3w kryterium rozstrzygaj\u0105cym o reprezentacji, Monitor Podatkowy, 2014 t. 21 nr 5, s&#8230;.<\/p>\n","protected":false},"author":1,"featured_media":0,"parent":6747,"menu_order":0,"comment_status":"closed","ping_status":"closed","template":"","meta":[],"_links":{"self":[{"href":"https:\/\/pustultax.pl\/en\/wp-json\/wp\/v2\/pages\/6754"}],"collection":[{"href":"https:\/\/pustultax.pl\/en\/wp-json\/wp\/v2\/pages"}],"about":[{"href":"https:\/\/pustultax.pl\/en\/wp-json\/wp\/v2\/types\/page"}],"author":[{"embeddable":true,"href":"https:\/\/pustultax.pl\/en\/wp-json\/wp\/v2\/users\/1"}],"replies":[{"embeddable":true,"href":"https:\/\/pustultax.pl\/en\/wp-json\/wp\/v2\/comments?post=6754"}],"version-history":[{"count":4,"href":"https:\/\/pustultax.pl\/en\/wp-json\/wp\/v2\/pages\/6754\/revisions"}],"predecessor-version":[{"id":7284,"href":"https:\/\/pustultax.pl\/en\/wp-json\/wp\/v2\/pages\/6754\/revisions\/7284"}],"up":[{"embeddable":true,"href":"https:\/\/pustultax.pl\/en\/wp-json\/wp\/v2\/pages\/6747"}],"wp:attachment":[{"href":"https:\/\/pustultax.pl\/en\/wp-json\/wp\/v2\/media?parent=6754"}],"curies":[{"name":"wp","href":"https:\/\/api.w.org\/{rel}","templated":true}]}}